{"id":15429,"date":"2022-07-14T18:03:16","date_gmt":"2022-07-14T16:03:16","guid":{"rendered":"https:\/\/www.saxonia.aretis.ch\/?page_id=15429"},"modified":"2023-12-15T12:53:31","modified_gmt":"2023-12-15T11:53:31","slug":"gleitschleifen","status":"publish","type":"page","link":"https:\/\/www.saxonia-franke.ch\/en\/weiterverarbeitung\/gleitschleifen\/","title":{"rendered":"Vibratory finishing"},"content":{"rendered":"<style>.elementor-15429 .elementor-element.elementor-element-22552f54:not(.elementor-motion-effects-element-type-background), .elementor-15429 .elementor-element.elementor-element-22552f54 > .elementor-motion-effects-container > .elementor-motion-effects-layer{background-color:var( --e-global-color-b2b936c );}.elementor-15429 .elementor-element.elementor-element-22552f54 > .elementor-background-overlay{background-image:url(\"https:\/\/www.saxonia-franke.ch\/wp-content\/uploads\/weiterverarbeitung-gleitschleifen_header.jpg\");background-position:center center;background-repeat:no-repeat;background-size:cover;opacity:0.37;transition:background 0.3s, border-radius 0.3s, opacity 0.3s;}.elementor-15429 .elementor-element.elementor-element-22552f54{transition:background 0.3s, border 0.3s, border-radius 0.3s, box-shadow 0.3s;margin-top:0px;margin-bottom:0px;padding:010em 0em 10em 0em;}.elementor-15429 .elementor-element.elementor-element-41864237 > .elementor-element-populated{padding:3em 3em 3em 3em;}.elementor-15429 .elementor-element.elementor-element-5db0bf4e .elementor-heading-title{font-size:56px;font-weight:700;color:var( --e-global-color-secondary );}.elementor-15429 .elementor-element.elementor-element-298dcb89 .elementor-heading-title{color:var( --e-global-color-d93d39f );}.elementor-15429 .elementor-element.elementor-element-140d9cc:not(.elementor-motion-effects-element-type-background) > .elementor-widget-wrap, .elementor-15429 .elementor-element.elementor-element-140d9cc > .elementor-widget-wrap > .elementor-motion-effects-container > .elementor-motion-effects-layer{background-color:var( --e-global-color-11b0488 );}.elementor-15429 .elementor-element.elementor-element-140d9cc > .elementor-element-populated{transition:background 0.3s, border 0.3s, border-radius 0.3s, box-shadow 0.3s;margin:-5em 0em 0em 0em;--e-column-margin-right:0em;--e-column-margin-left:0em;padding:3em 3em 3em 3em;}.elementor-15429 .elementor-element.elementor-element-140d9cc > .elementor-element-populated > .elementor-background-overlay{transition:background 0.3s, border-radius 0.3s, opacity 0.3s;}.elementor-15429 .elementor-element.elementor-element-689ed9b4{text-align:center;}.elementor-15429 .elementor-element.elementor-element-2de3af5c{text-align:center;}.elementor-15429 .elementor-element.elementor-element-2de3af5c .elementor-heading-title{color:var( --e-global-color-primary );}.elementor-15429 .elementor-element.elementor-element-f6859b5{padding:76px 0px 23px 0px;}.elementor-15429 .elementor-element.elementor-element-9c5a543:not(.elementor-motion-effects-element-type-background) > .elementor-widget-wrap, .elementor-15429 .elementor-element.elementor-element-9c5a543 > .elementor-widget-wrap > .elementor-motion-effects-container > .elementor-motion-effects-layer{background-color:var( --e-global-color-11b0488 );}.elementor-15429 .elementor-element.elementor-element-9c5a543 > .elementor-element-populated{transition:background 0.3s, border 0.3s, border-radius 0.3s, box-shadow 0.3s;margin:0px 54px 0px 10px;--e-column-margin-right:54px;--e-column-margin-left:10px;padding:40px 40px 40px 40px;}.elementor-15429 .elementor-element.elementor-element-9c5a543 > .elementor-element-populated > .elementor-background-overlay{transition:background 0.3s, border-radius 0.3s, opacity 0.3s;}.elementor-15429 .elementor-element.elementor-element-25f4c50 .elementor-heading-title{color:var( --e-global-color-primary );}.elementor-15429 .elementor-element.elementor-element-2c937ce{font-size:17px;}.elementor-15429 .elementor-element.elementor-element-00523cc .elementor-heading-title{color:var( --e-global-color-primary );}.elementor-15429 .elementor-element.elementor-element-d6c6bf4{font-size:17px;}.elementor-15429 .elementor-element.elementor-element-3b2f7b5 .elementor-icon-list-items:not(.elementor-inline-items) .elementor-icon-list-item:not(:last-child){padding-block-end:calc(16px\/2);}.elementor-15429 .elementor-element.elementor-element-3b2f7b5 .elementor-icon-list-items:not(.elementor-inline-items) .elementor-icon-list-item:not(:first-child){margin-block-start:calc(16px\/2);}.elementor-15429 .elementor-element.elementor-element-3b2f7b5 .elementor-icon-list-items.elementor-inline-items .elementor-icon-list-item{margin-inline:calc(16px\/2);}.elementor-15429 .elementor-element.elementor-element-3b2f7b5 .elementor-icon-list-items.elementor-inline-items{margin-inline:calc(-16px\/2);}.elementor-15429 .elementor-element.elementor-element-3b2f7b5 .elementor-icon-list-items.elementor-inline-items .elementor-icon-list-item:after{inset-inline-end:calc(-16px\/2);}.elementor-15429 .elementor-element.elementor-element-3b2f7b5 .elementor-icon-list-icon i{color:var( --e-global-color-accent );transition:color 0.3s;}.elementor-15429 .elementor-element.elementor-element-3b2f7b5 .elementor-icon-list-icon svg{fill:var( --e-global-color-accent );transition:fill 0.3s;}.elementor-15429 .elementor-element.elementor-element-3b2f7b5{--e-icon-list-icon-size:25px;--icon-vertical-offset:0px;}.elementor-15429 .elementor-element.elementor-element-3b2f7b5 .elementor-icon-list-item > .elementor-icon-list-text, .elementor-15429 .elementor-element.elementor-element-3b2f7b5 .elementor-icon-list-item > a{font-size:17px;}.elementor-15429 .elementor-element.elementor-element-3b2f7b5 .elementor-icon-list-text{transition:color 0.3s;}.elementor-15429 .elementor-element.elementor-element-3b2f7b5 > .elementor-widget-container{padding:16px 0px 0px 0px;}.elementor-15429 .elementor-element.elementor-element-6cc926d5:not(.elementor-motion-effects-element-type-background), .elementor-15429 .elementor-element.elementor-element-6cc926d5 > .elementor-motion-effects-container > .elementor-motion-effects-layer{background-color:var( --e-global-color-primary );}.elementor-15429 .elementor-element.elementor-element-6cc926d5{transition:background 0.3s, border 0.3s, border-radius 0.3s, box-shadow 0.3s;margin-top:68px;margin-bottom:0px;padding:7em 0em 8em 0em;}.elementor-15429 .elementor-element.elementor-element-6cc926d5 > .elementor-background-overlay{transition:background 0.3s, border-radius 0.3s, opacity 0.3s;}.elementor-15429 .elementor-element.elementor-element-4cb777c img{width:100%;height:400px;object-fit:cover;object-position:center center;}.elementor-15429 .elementor-element.elementor-element-4cb777c > .elementor-widget-container{padding:2em 0em 0em 0em;background-image:url(\"https:\/\/www.saxonia-franke.ch\/wp-content\/uploads\/masking-3.png\");background-position:top left;background-repeat:no-repeat;background-size:50% auto;}.elementor-15429 .elementor-element.elementor-element-4cb777c:not( .elementor-widget-image ) .elementor-widget-container, .elementor-15429 .elementor-element.elementor-element-4cb777c.elementor-widget-image .elementor-widget-container img{-webkit-mask-image:url( https:\/\/www.saxonia-franke.ch\/wp-content\/uploads\/masking-3.png );-webkit-mask-size:cover;-webkit-mask-position:center center;}.elementor-15429 .elementor-element.elementor-element-5a5917c2 > .elementor-element-populated{padding:3em 3em 3em 3em;}.elementor-15429 .elementor-element.elementor-element-51560d58 .elementor-heading-title{color:var( --e-global-color-secondary );}.elementor-15429 .elementor-element.elementor-element-12f2d32e{font-size:17px;color:var( --e-global-color-secondary );}.elementor-15429 .elementor-element.elementor-element-e2abdc4 .elementor-button{fill:var( --e-global-color-secondary );color:var( --e-global-color-secondary );background-color:#A5132A;}.elementor-15429 .elementor-element.elementor-element-e2abdc4 .elementor-button:hover, .elementor-15429 .elementor-element.elementor-element-e2abdc4 .elementor-button:focus{color:var( --e-global-color-secondary );background-color:var( --e-global-color-b2b936c );}.elementor-15429 .elementor-element.elementor-element-e2abdc4 .elementor-button:hover svg, .elementor-15429 .elementor-element.elementor-element-e2abdc4 .elementor-button:focus svg{fill:var( --e-global-color-secondary );}:root{--page-title-display:none;}@media(max-width:1024px){.elementor-15429 .elementor-element.elementor-element-5db0bf4e .elementor-heading-title{font-size:53px;}.elementor-15429 .elementor-element.elementor-element-298dcb89 .elementor-heading-title{font-size:20px;}.elementor-15429 .elementor-element.elementor-element-6cc926d5{padding:3em 0em 3em 0em;}.elementor-15429 .elementor-element.elementor-element-4cb777c img{width:100%;height:425px;}.elementor-15429 .elementor-element.elementor-element-5a5917c2 > .elementor-element-populated{padding:3em 3em 3em 3em;}}@media(max-width:767px){.elementor-15429 .elementor-element.elementor-element-22552f54{padding:5em 0em 5em 0em;}.elementor-15429 .elementor-element.elementor-element-5db0bf4e .elementor-heading-title{font-size:28px;}.elementor-15429 .elementor-element.elementor-element-298dcb89 .elementor-heading-title{font-size:18px;}.elementor-15429 .elementor-element.elementor-element-140d9cc > .elementor-widget-wrap > .elementor-widget:not(.elementor-widget__width-auto):not(.elementor-widget__width-initial):not(:last-child):not(.elementor-absolute){margin-block-end:10px;}.elementor-15429 .elementor-element.elementor-element-140d9cc > .elementor-element-populated{margin:0px 0px 0px 0px;--e-column-margin-right:0px;--e-column-margin-left:0px;}.elementor-15429 .elementor-element.elementor-element-6cc926d5{padding:0em 0em 0em 0em;}.elementor-15429 .elementor-element.elementor-element-4cb777c img{height:175px;}.elementor-15429 .elementor-element.elementor-element-5a5917c2 > .elementor-element-populated{padding:1em 1em 1em 1em;}}@media(min-width:768px){.elementor-15429 .elementor-element.elementor-element-9c5a543{width:50%;}.elementor-15429 .elementor-element.elementor-element-3d1283e{width:50%;}}@media(max-width:1024px) and (min-width:768px){.elementor-15429 .elementor-element.elementor-element-3ad6291b{width:100%;}.elementor-15429 .elementor-element.elementor-element-5a5917c2{width:100%;}}<\/style>\t\t<div data-elementor-type=\"wp-page\" data-elementor-id=\"15429\" class=\"elementor elementor-15429\" data-elementor-post-type=\"page\">\n\t\t\t\t\t\t<section class=\"elementor-section elementor-top-section elementor-element elementor-element-22552f54 elementor-section-boxed elementor-section-height-default elementor-section-height-default\" data-id=\"22552f54\" data-element_type=\"section\" data-e-type=\"section\" data-settings=\"{&quot;background_background&quot;:&quot;classic&quot;}\">\n\t\t\t\t\t\t\t<div class=\"elementor-background-overlay\"><\/div>\n\t\t\t\t\t\t\t<div class=\"elementor-container elementor-column-gap-default\">\n\t\t\t\t\t<div class=\"elementor-column elementor-col-100 elementor-top-column elementor-element elementor-element-41864237\" data-id=\"41864237\" data-element_type=\"column\" data-e-type=\"column\">\n\t\t\t<div class=\"elementor-widget-wrap elementor-element-populated\">\n\t\t\t\t\t\t<div class=\"elementor-element elementor-element-5db0bf4e elementor-widget elementor-widget-heading\" data-id=\"5db0bf4e\" data-element_type=\"widget\" data-e-type=\"widget\" data-widget_type=\"heading.default\">\n\t\t\t\t<div class=\"elementor-widget-container\">\n\t\t\t\t\t<p class=\"elementor-heading-title elementor-size-default\">Deburring by vibratory grinding<\/p>\t\t\t\t<\/div>\n\t\t\t\t<\/div>\n\t\t\t\t<div class=\"elementor-element elementor-element-298dcb89 elementor-widget elementor-widget-heading\" data-id=\"298dcb89\" data-element_type=\"widget\" data-e-type=\"widget\" data-widget_type=\"heading.default\">\n\t\t\t\t<div class=\"elementor-widget-container\">\n\t\t\t\t\t<h5 class=\"elementor-heading-title elementor-size-default\">Practical solutions for removing punching burrs<\/h5>\t\t\t\t<\/div>\n\t\t\t\t<\/div>\n\t\t\t\t\t<\/div>\n\t\t<\/div>\n\t\t\t\t\t<\/div>\n\t\t<\/section>\n\t\t\t\t<section class=\"elementor-section elementor-top-section elementor-element elementor-element-5bab579f elementor-section-boxed elementor-section-height-default elementor-section-height-default\" data-id=\"5bab579f\" data-element_type=\"section\" data-e-type=\"section\">\n\t\t\t\t\t\t<div class=\"elementor-container elementor-column-gap-default\">\n\t\t\t\t\t<div class=\"elementor-column elementor-col-100 elementor-top-column elementor-element elementor-element-140d9cc\" data-id=\"140d9cc\" data-element_type=\"column\" data-e-type=\"column\" data-settings=\"{&quot;background_background&quot;:&quot;classic&quot;}\">\n\t\t\t<div class=\"elementor-widget-wrap elementor-element-populated\">\n\t\t\t\t\t\t<div class=\"elementor-element elementor-element-689ed9b4 elementor-widget elementor-widget-heading\" data-id=\"689ed9b4\" data-element_type=\"widget\" data-e-type=\"widget\" data-widget_type=\"heading.default\">\n\t\t\t\t<div class=\"elementor-widget-container\">\n\t\t\t\t\t<h5 class=\"elementor-heading-title elementor-size-default\">Further processing<\/h5>\t\t\t\t<\/div>\n\t\t\t\t<\/div>\n\t\t\t\t<div class=\"elementor-element elementor-element-2de3af5c elementor-widget elementor-widget-heading\" data-id=\"2de3af5c\" data-element_type=\"widget\" data-e-type=\"widget\" data-widget_type=\"heading.default\">\n\t\t\t\t<div class=\"elementor-widget-container\">\n\t\t\t\t\t<h1 class=\"elementor-heading-title elementor-size-default\">Vibratory finishing<\/h1>\t\t\t\t<\/div>\n\t\t\t\t<\/div>\n\t\t\t\t\t<\/div>\n\t\t<\/div>\n\t\t\t\t\t<\/div>\n\t\t<\/section>\n\t\t\t\t<section class=\"elementor-section elementor-top-section elementor-element elementor-element-f6859b5 elementor-section-boxed elementor-section-height-default elementor-section-height-default\" data-id=\"f6859b5\" data-element_type=\"section\" data-e-type=\"section\">\n\t\t\t\t\t\t<div class=\"elementor-container elementor-column-gap-default\">\n\t\t\t\t\t<div class=\"elementor-column elementor-col-100 elementor-top-column elementor-element elementor-element-bbadfc8\" data-id=\"bbadfc8\" data-element_type=\"column\" data-e-type=\"column\">\n\t\t\t<div class=\"elementor-widget-wrap elementor-element-populated\">\n\t\t\t\t\t\t<section class=\"elementor-section elementor-inner-section elementor-element elementor-element-02dc6f5 elementor-section-boxed elementor-section-height-default elementor-section-height-default\" data-id=\"02dc6f5\" data-element_type=\"section\" data-e-type=\"section\">\n\t\t\t\t\t\t<div class=\"elementor-container elementor-column-gap-default\">\n\t\t\t\t\t<div class=\"elementor-column elementor-col-50 elementor-inner-column elementor-element elementor-element-9c5a543\" data-id=\"9c5a543\" data-element_type=\"column\" data-e-type=\"column\" data-settings=\"{&quot;background_background&quot;:&quot;classic&quot;}\">\n\t\t\t<div class=\"elementor-widget-wrap elementor-element-populated\">\n\t\t\t\t\t\t<div class=\"elementor-element elementor-element-5b6f9ea elementor-widget elementor-widget-image\" data-id=\"5b6f9ea\" data-element_type=\"widget\" data-e-type=\"widget\" data-widget_type=\"image.default\">\n\t\t\t\t<div class=\"elementor-widget-container\">\n\t\t\t\t\t\t\t\t\t\t\t\t\t\t\t<img fetchpriority=\"high\" decoding=\"async\" width=\"800\" height=\"534\" src=\"https:\/\/www.saxonia-franke.ch\/wp-content\/uploads\/weiterverarbeitung-gleitschleifen2-1030x687.jpg\" class=\"attachment-large size-large wp-image-15456\" alt=\"\" srcset=\"https:\/\/www.saxonia-franke.ch\/wp-content\/uploads\/weiterverarbeitung-gleitschleifen2-1030x687.jpg 1030w, https:\/\/www.saxonia-franke.ch\/wp-content\/uploads\/weiterverarbeitung-gleitschleifen2-300x200.jpg 300w, https:\/\/www.saxonia-franke.ch\/wp-content\/uploads\/weiterverarbeitung-gleitschleifen2-768x512.jpg 768w, https:\/\/www.saxonia-franke.ch\/wp-content\/uploads\/weiterverarbeitung-gleitschleifen2.jpg 1500w\" sizes=\"(max-width: 800px) 100vw, 800px\" \/>\t\t\t\t\t\t\t\t\t\t\t\t\t\t\t<\/div>\n\t\t\t\t<\/div>\n\t\t\t\t<div class=\"elementor-element elementor-element-25f4c50 elementor-widget elementor-widget-heading\" data-id=\"25f4c50\" data-element_type=\"widget\" data-e-type=\"widget\" data-widget_type=\"heading.default\">\n\t\t\t\t<div class=\"elementor-widget-container\">\n\t\t\t\t\t<h3 class=\"elementor-heading-title elementor-size-default\">Deburring<\/h3>\t\t\t\t<\/div>\n\t\t\t\t<\/div>\n\t\t\t\t<div class=\"elementor-element elementor-element-2c937ce elementor-widget elementor-widget-text-editor\" data-id=\"2c937ce\" data-element_type=\"widget\" data-e-type=\"widget\" data-widget_type=\"text-editor.default\">\n\t\t\t\t<div class=\"elementor-widget-container\">\n\t\t\t\t\t\t\t\t\t<p>With vibratory grinding, we ensure that the resulting punch burrs are worked off. The workpieces are filled into a container with small abrasive particles as well as an additive in a solution. This container rotates or oscillates and provides friction and the removal of burrs through the stamping process.<\/p>\t\t\t\t\t\t\t\t<\/div>\n\t\t\t\t<\/div>\n\t\t\t\t\t<\/div>\n\t\t<\/div>\n\t\t\t\t<div class=\"elementor-column elementor-col-50 elementor-inner-column elementor-element elementor-element-3d1283e\" data-id=\"3d1283e\" data-element_type=\"column\" data-e-type=\"column\">\n\t\t\t<div class=\"elementor-widget-wrap elementor-element-populated\">\n\t\t\t\t\t\t<div class=\"elementor-element elementor-element-c6145e2 elementor-widget elementor-widget-heading\" data-id=\"c6145e2\" data-element_type=\"widget\" data-e-type=\"widget\" data-widget_type=\"heading.default\">\n\t\t\t\t<div class=\"elementor-widget-container\">\n\t\t\t\t\t<h6 class=\"elementor-heading-title elementor-size-default\">Saxonia-Franke AG<\/h6>\t\t\t\t<\/div>\n\t\t\t\t<\/div>\n\t\t\t\t<div class=\"elementor-element elementor-element-00523cc elementor-widget elementor-widget-heading\" data-id=\"00523cc\" data-element_type=\"widget\" data-e-type=\"widget\" data-widget_type=\"heading.default\">\n\t\t\t\t<div class=\"elementor-widget-container\">\n\t\t\t\t\t<h2 class=\"elementor-heading-title elementor-size-default\">Economical machining process<\/h2>\t\t\t\t<\/div>\n\t\t\t\t<\/div>\n\t\t\t\t<div class=\"elementor-element elementor-element-d6c6bf4 elementor-widget elementor-widget-text-editor\" data-id=\"d6c6bf4\" data-element_type=\"widget\" data-e-type=\"widget\" data-widget_type=\"text-editor.default\">\n\t\t\t\t<div class=\"elementor-widget-container\">\n\t\t\t\t\t\t\t\t\tVibratory finishing technology enables an economical machining process for deburring and surface finishing of parts. In centrifugal systems and circular vibrators, a fast and economical machining of the parts is ensured by means of a fixed grinding wheel - part mixture.\t\t\t\t\t\t\t\t<\/div>\n\t\t\t\t<\/div>\n\t\t\t\t<div class=\"elementor-element elementor-element-3b2f7b5 elementor-icon-list--layout-traditional elementor-list-item-link-full_width elementor-widget elementor-widget-icon-list\" data-id=\"3b2f7b5\" data-element_type=\"widget\" data-e-type=\"widget\" data-widget_type=\"icon-list.default\">\n\t\t\t\t<div class=\"elementor-widget-container\">\n\t\t\t\t\t\t\t<ul class=\"elementor-icon-list-items\">\n\t\t\t\t\t\t\t<li class=\"elementor-icon-list-item\">\n\t\t\t\t\t\t\t\t\t\t\t<span class=\"elementor-icon-list-icon\">\n\t\t\t\t\t\t\t<i aria-hidden=\"true\" class=\"fas fa-arrow-right\"><\/i>\t\t\t\t\t\t<\/span>\n\t\t\t\t\t\t\t\t\t\t<span class=\"elementor-icon-list-text\">The choice of grinding wheels depends on the size and nature of the workpiece to be machined.<\/span>\n\t\t\t\t\t\t\t\t\t<\/li>\n\t\t\t\t\t\t<\/ul>\n\t\t\t\t\t\t<\/div>\n\t\t\t\t<\/div>\n\t\t\t\t\t<\/div>\n\t\t<\/div>\n\t\t\t\t\t<\/div>\n\t\t<\/section>\n\t\t\t\t\t<\/div>\n\t\t<\/div>\n\t\t\t\t\t<\/div>\n\t\t<\/section>\n\t\t\t\t<section class=\"elementor-section elementor-top-section elementor-element elementor-element-6cc926d5 elementor-section-boxed elementor-section-height-default elementor-section-height-default\" data-id=\"6cc926d5\" data-element_type=\"section\" data-e-type=\"section\" data-settings=\"{&quot;background_background&quot;:&quot;classic&quot;}\">\n\t\t\t\t\t\t<div class=\"elementor-container elementor-column-gap-default\">\n\t\t\t\t\t<div class=\"elementor-column elementor-col-50 elementor-top-column elementor-element elementor-element-3ad6291b\" data-id=\"3ad6291b\" data-element_type=\"column\" data-e-type=\"column\">\n\t\t\t<div class=\"elementor-widget-wrap elementor-element-populated\">\n\t\t\t\t\t\t<div class=\"elementor-element elementor-element-4cb777c elementor-widget elementor-widget-image\" data-id=\"4cb777c\" data-element_type=\"widget\" data-e-type=\"widget\" data-widget_type=\"image.default\">\n\t\t\t\t<div class=\"elementor-widget-container\">\n\t\t\t\t\t\t\t\t\t\t\t\t\t\t\t<img decoding=\"async\" width=\"1500\" height=\"1000\" src=\"https:\/\/www.saxonia-franke.ch\/wp-content\/uploads\/weiterverarbeitung-gleitschleifen1.jpg\" class=\"attachment-full size-full wp-image-15455\" alt=\"\" srcset=\"https:\/\/www.saxonia-franke.ch\/wp-content\/uploads\/weiterverarbeitung-gleitschleifen1.jpg 1500w, https:\/\/www.saxonia-franke.ch\/wp-content\/uploads\/weiterverarbeitung-gleitschleifen1-300x200.jpg 300w, https:\/\/www.saxonia-franke.ch\/wp-content\/uploads\/weiterverarbeitung-gleitschleifen1-1030x687.jpg 1030w, https:\/\/www.saxonia-franke.ch\/wp-content\/uploads\/weiterverarbeitung-gleitschleifen1-768x512.jpg 768w\" sizes=\"(max-width: 1500px) 100vw, 1500px\" \/>\t\t\t\t\t\t\t\t\t\t\t\t\t\t\t<\/div>\n\t\t\t\t<\/div>\n\t\t\t\t\t<\/div>\n\t\t<\/div>\n\t\t\t\t<div class=\"elementor-column elementor-col-50 elementor-top-column elementor-element elementor-element-5a5917c2\" data-id=\"5a5917c2\" data-element_type=\"column\" data-e-type=\"column\">\n\t\t\t<div class=\"elementor-widget-wrap elementor-element-populated\">\n\t\t\t\t\t\t<div class=\"elementor-element elementor-element-51560d58 elementor-widget elementor-widget-heading\" data-id=\"51560d58\" data-element_type=\"widget\" data-e-type=\"widget\" data-widget_type=\"heading.default\">\n\t\t\t\t<div class=\"elementor-widget-container\">\n\t\t\t\t\t<h2 class=\"elementor-heading-title elementor-size-default\"> We respond to customer needs <\/h2>\t\t\t\t<\/div>\n\t\t\t\t<\/div>\n\t\t\t\t<div class=\"elementor-element elementor-element-12f2d32e elementor-widget elementor-widget-text-editor\" data-id=\"12f2d32e\" data-element_type=\"widget\" data-e-type=\"widget\" data-widget_type=\"text-editor.default\">\n\t\t\t\t<div class=\"elementor-widget-container\">\n\t\t\t\t\t\t\t\t\t\n\nThe workpieces to be processed are placed in a container together with grinding wheels. A rotating movement of the working container creates a relative movement between the workpiece and the grinding wheel, which causes material removal on the workpiece, especially on its edges.\n\t\t\t\t\t\t\t\t<\/div>\n\t\t\t\t<\/div>\n\t\t\t\t<div class=\"elementor-element elementor-element-e2abdc4 elementor-widget elementor-widget-button\" data-id=\"e2abdc4\" data-element_type=\"widget\" data-e-type=\"widget\" data-widget_type=\"button.default\">\n\t\t\t\t<div class=\"elementor-widget-container\">\n\t\t\t\t\t\t\t\t\t<div class=\"elementor-button-wrapper\">\n\t\t\t\t\t<a class=\"elementor-button elementor-button-link elementor-size-md\" href=\"https:\/\/www.saxonia-franke.ch\/en\/weiterverarbeitung\/diskusschleifen\/\">\n\t\t\t\t\t\t<span class=\"elementor-button-content-wrapper\">\n\t\t\t\t\t\t\t\t\t<span class=\"elementor-button-text\">Discus loops<\/span>\n\t\t\t\t\t<\/span>\n\t\t\t\t\t<\/a>\n\t\t\t\t<\/div>\n\t\t\t\t\t\t\t\t<\/div>\n\t\t\t\t<\/div>\n\t\t\t\t\t<\/div>\n\t\t<\/div>\n\t\t\t\t\t<\/div>\n\t\t<\/section>\n\t\t\t\t<\/div>","protected":false},"excerpt":{"rendered":"<p>Entgraten durch Gleitschleifen Praxisgerechte L\u00f6sungen zum entfernen von Stanzgraten Weiterverarbeitung Gleitschleifen Entgraten Mit dem Gleitschleifen stellen wir sicher, dass die entstandenen Stanzgrate abgearbeitet werden. Die Werkst\u00fccke werden mit kleinen Schleifk\u00f6rpern sowie mit einem Zusatzmittel in einer L\u00f6sung in einen Beh\u00e4lter gef\u00fcllt. Dieser Beh\u00e4lter rotiert oder oszilliert und sorgt f\u00fcr Reibung und das Abtragen von Graten [&hellip;]<\/p>\n","protected":false},"author":1,"featured_media":0,"parent":15021,"menu_order":4,"comment_status":"closed","ping_status":"closed","template":"","meta":{"_seopress_robots_primary_cat":"","_seopress_titles_title":"Gleitschleifen \u2013 unser Angebot f\u00fcr die Industrie","_seopress_titles_desc":"Die Saxonia-Franke AG setzt das Gleitschleifen zum Entgraten und Oberfl\u00e4chenbearbeiten der Teile ein. In Fliehkraftanlagen und Rundvibratoren erfolgt eine schnelle Bearbeitung der Teile.","_seopress_robots_index":"","footnotes":""},"folder":[],"class_list":["post-15429","page","type-page","status-publish","hentry"],"_links":{"self":[{"href":"https:\/\/www.saxonia-franke.ch\/en\/wp-json\/wp\/v2\/pages\/15429","targetHints":{"allow":["GET"]}}],"collection":[{"href":"https:\/\/www.saxonia-franke.ch\/en\/wp-json\/wp\/v2\/pages"}],"about":[{"href":"https:\/\/www.saxonia-franke.ch\/en\/wp-json\/wp\/v2\/types\/page"}],"author":[{"embeddable":true,"href":"https:\/\/www.saxonia-franke.ch\/en\/wp-json\/wp\/v2\/users\/1"}],"replies":[{"embeddable":true,"href":"https:\/\/www.saxonia-franke.ch\/en\/wp-json\/wp\/v2\/comments?post=15429"}],"version-history":[{"count":5,"href":"https:\/\/www.saxonia-franke.ch\/en\/wp-json\/wp\/v2\/pages\/15429\/revisions"}],"predecessor-version":[{"id":18447,"href":"https:\/\/www.saxonia-franke.ch\/en\/wp-json\/wp\/v2\/pages\/15429\/revisions\/18447"}],"up":[{"embeddable":true,"href":"https:\/\/www.saxonia-franke.ch\/en\/wp-json\/wp\/v2\/pages\/15021"}],"wp:attachment":[{"href":"https:\/\/www.saxonia-franke.ch\/en\/wp-json\/wp\/v2\/media?parent=15429"}],"wp:term":[{"taxonomy":"folder","embeddable":true,"href":"https:\/\/www.saxonia-franke.ch\/en\/wp-json\/wp\/v2\/folder?post=15429"}],"curies":[{"name":"wp","href":"https:\/\/api.w.org\/{rel}","templated":true}]}}