{"id":15461,"date":"2022-07-15T11:23:14","date_gmt":"2022-07-15T09:23:14","guid":{"rendered":"https:\/\/www.saxonia.aretis.ch\/?page_id=15461"},"modified":"2023-12-15T12:54:09","modified_gmt":"2023-12-15T11:54:09","slug":"bandschleifen-buersten","status":"publish","type":"page","link":"https:\/\/www.saxonia-franke.ch\/en\/weiterverarbeitung\/bandschleifen-buersten\/","title":{"rendered":"Belt grinding &amp; brushing"},"content":{"rendered":"<style>.elementor-15461 .elementor-element.elementor-element-55417e67:not(.elementor-motion-effects-element-type-background), .elementor-15461 .elementor-element.elementor-element-55417e67 > .elementor-motion-effects-container > .elementor-motion-effects-layer{background-color:var( --e-global-color-b2b936c );}.elementor-15461 .elementor-element.elementor-element-55417e67 > .elementor-background-overlay{background-image:url(\"https:\/\/www.saxonia-franke.ch\/wp-content\/uploads\/weiterverarbeitung-bandschleifen_header.jpg\");background-position:center center;background-repeat:no-repeat;background-size:cover;opacity:0.39;transition:background 0.3s, border-radius 0.3s, opacity 0.3s;}.elementor-15461 .elementor-element.elementor-element-55417e67{transition:background 0.3s, border 0.3s, border-radius 0.3s, box-shadow 0.3s;margin-top:0px;margin-bottom:0px;padding:010em 0em 10em 0em;}.elementor-15461 .elementor-element.elementor-element-319d6afe > .elementor-element-populated{padding:3em 3em 3em 3em;}.elementor-15461 .elementor-element.elementor-element-99515d6 .elementor-heading-title{font-size:56px;font-weight:700;color:var( --e-global-color-secondary );}.elementor-15461 .elementor-element.elementor-element-20508c47 .elementor-heading-title{color:var( --e-global-color-d93d39f );}.elementor-15461 .elementor-element.elementor-element-57ebacbe:not(.elementor-motion-effects-element-type-background) > .elementor-widget-wrap, .elementor-15461 .elementor-element.elementor-element-57ebacbe > .elementor-widget-wrap > .elementor-motion-effects-container > .elementor-motion-effects-layer{background-color:var( --e-global-color-11b0488 );}.elementor-15461 .elementor-element.elementor-element-57ebacbe > .elementor-element-populated{transition:background 0.3s, border 0.3s, border-radius 0.3s, box-shadow 0.3s;margin:-5em 0em 0em 0em;--e-column-margin-right:0em;--e-column-margin-left:0em;padding:3em 3em 3em 3em;}.elementor-15461 .elementor-element.elementor-element-57ebacbe > .elementor-element-populated > .elementor-background-overlay{transition:background 0.3s, border-radius 0.3s, opacity 0.3s;}.elementor-15461 .elementor-element.elementor-element-354e8427{text-align:center;}.elementor-15461 .elementor-element.elementor-element-64016f35{text-align:center;}.elementor-15461 .elementor-element.elementor-element-64016f35 .elementor-heading-title{color:var( --e-global-color-primary );}.elementor-15461 .elementor-element.elementor-element-495cc396:not(.elementor-motion-effects-element-type-background), .elementor-15461 .elementor-element.elementor-element-495cc396 > .elementor-motion-effects-container > .elementor-motion-effects-layer{background-color:var( --e-global-color-secondary );}.elementor-15461 .elementor-element.elementor-element-495cc396{transition:background 0.3s, border 0.3s, border-radius 0.3s, box-shadow 0.3s;margin-top:0em;margin-bottom:5em;padding:5em 0em 5em 0em;}.elementor-15461 .elementor-element.elementor-element-495cc396 > .elementor-background-overlay{transition:background 0.3s, border-radius 0.3s, opacity 0.3s;}.elementor-15461 .elementor-element.elementor-element-159d522 > .elementor-element-populated{margin:0em 0em 0em 0em;--e-column-margin-right:0em;--e-column-margin-left:0em;padding:2em 2em 2em 2em;}.elementor-15461 .elementor-element.elementor-element-78fa371e .elementor-heading-title{color:var( --e-global-color-primary );}.elementor-15461 .elementor-element.elementor-element-38fa6fce{font-size:17px;}.elementor-15461 .elementor-element.elementor-element-115898b .elementor-icon-list-items:not(.elementor-inline-items) .elementor-icon-list-item:not(:last-child){padding-block-end:calc(9px\/2);}.elementor-15461 .elementor-element.elementor-element-115898b .elementor-icon-list-items:not(.elementor-inline-items) .elementor-icon-list-item:not(:first-child){margin-block-start:calc(9px\/2);}.elementor-15461 .elementor-element.elementor-element-115898b .elementor-icon-list-items.elementor-inline-items .elementor-icon-list-item{margin-inline:calc(9px\/2);}.elementor-15461 .elementor-element.elementor-element-115898b .elementor-icon-list-items.elementor-inline-items{margin-inline:calc(-9px\/2);}.elementor-15461 .elementor-element.elementor-element-115898b .elementor-icon-list-items.elementor-inline-items .elementor-icon-list-item:after{inset-inline-end:calc(-9px\/2);}.elementor-15461 .elementor-element.elementor-element-115898b .elementor-icon-list-icon i{color:var( --e-global-color-accent );transition:color 0.3s;}.elementor-15461 .elementor-element.elementor-element-115898b .elementor-icon-list-icon svg{fill:var( --e-global-color-accent );transition:fill 0.3s;}.elementor-15461 .elementor-element.elementor-element-115898b{--e-icon-list-icon-size:26px;--icon-vertical-offset:0px;}.elementor-15461 .elementor-element.elementor-element-115898b .elementor-icon-list-icon{padding-inline-end:0px;}.elementor-15461 .elementor-element.elementor-element-115898b .elementor-icon-list-item > .elementor-icon-list-text, .elementor-15461 .elementor-element.elementor-element-115898b .elementor-icon-list-item > a{font-size:17px;font-weight:normal;}.elementor-15461 .elementor-element.elementor-element-115898b .elementor-icon-list-text{transition:color 0.3s;}.elementor-15461 .elementor-element.elementor-element-5dab8e33 > .elementor-element-populated{margin:0em 0em -5em 0em;--e-column-margin-right:0em;--e-column-margin-left:0em;}.elementor-15461 .elementor-element.elementor-element-3d9a7846 img{width:100%;height:500px;object-fit:cover;object-position:center center;}.elementor-15461 .elementor-element.elementor-element-3d9a7846 > .elementor-widget-container{padding:2em 0em 0em 0em;background-image:url(\"https:\/\/www.saxonia-franke.ch\/wp-content\/uploads\/masking-3.png\");background-position:top left;background-repeat:no-repeat;background-size:50% auto;}.elementor-15461 .elementor-element.elementor-element-3d9a7846:not( .elementor-widget-image ) .elementor-widget-container, .elementor-15461 .elementor-element.elementor-element-3d9a7846.elementor-widget-image .elementor-widget-container img{-webkit-mask-image:url( https:\/\/www.saxonia-franke.ch\/wp-content\/uploads\/masking-3.png );-webkit-mask-size:cover;-webkit-mask-position:center center;}.elementor-15461 .elementor-element.elementor-element-1340e773 > .elementor-container > .elementor-column > .elementor-widget-wrap{align-content:center;align-items:center;}.elementor-15461 .elementor-element.elementor-element-1340e773:not(.elementor-motion-effects-element-type-background), .elementor-15461 .elementor-element.elementor-element-1340e773 > .elementor-motion-effects-container > .elementor-motion-effects-layer{background-color:var( --e-global-color-b2b936c );}.elementor-15461 .elementor-element.elementor-element-1340e773 > .elementor-background-overlay{background-image:url(\"https:\/\/www.saxonia-franke.ch\/wp-content\/uploads\/weiterverarbeitung-bandschleifen_parallax.jpg\");background-position:bottom center;background-repeat:no-repeat;background-size:cover;opacity:0.53;transition:background 0.3s, border-radius 0.3s, opacity 0.3s;}.elementor-15461 .elementor-element.elementor-element-1340e773{transition:background 0.3s, border 0.3s, border-radius 0.3s, box-shadow 0.3s;padding:11em 0em 11em 0em;}.elementor-15461 .elementor-element.elementor-element-1c106e97 > .elementor-element-populated{padding:1em 1em 1em 1em;}.elementor-15461 .elementor-element.elementor-element-7fb77379 .elementor-heading-title{font-size:58px;color:var( --e-global-color-secondary );}.elementor-15461 .elementor-element.elementor-element-63fffe7f .elementor-heading-title{color:var( --e-global-color-d93d39f );}.elementor-15461 .elementor-element.elementor-element-673095a0 > .elementor-element-populated{padding:3em 3em 3em 3em;}:root{--page-title-display:none;}@media(max-width:1024px){.elementor-15461 .elementor-element.elementor-element-99515d6 .elementor-heading-title{font-size:53px;}.elementor-15461 .elementor-element.elementor-element-20508c47 .elementor-heading-title{font-size:20px;}.elementor-15461 .elementor-element.elementor-element-3d9a7846 img{width:100%;height:425px;}.elementor-15461 .elementor-element.elementor-element-1c106e97 > .elementor-element-populated{padding:2em 2em 2em 2em;}.elementor-15461 .elementor-element.elementor-element-7fb77379 .elementor-heading-title{font-size:37px;}.elementor-15461 .elementor-element.elementor-element-673095a0 > .elementor-element-populated{padding:2em 2em 2em 2em;}}@media(max-width:767px){.elementor-15461 .elementor-element.elementor-element-55417e67{padding:5em 0em 5em 0em;}.elementor-15461 .elementor-element.elementor-element-99515d6 .elementor-heading-title{font-size:37px;}.elementor-15461 .elementor-element.elementor-element-20508c47 .elementor-heading-title{font-size:18px;}.elementor-15461 .elementor-element.elementor-element-57ebacbe > .elementor-widget-wrap > .elementor-widget:not(.elementor-widget__width-auto):not(.elementor-widget__width-initial):not(:last-child):not(.elementor-absolute){margin-block-end:10px;}.elementor-15461 .elementor-element.elementor-element-57ebacbe > .elementor-element-populated{margin:0px 0px 0px 0px;--e-column-margin-right:0px;--e-column-margin-left:0px;}.elementor-15461 .elementor-element.elementor-element-495cc396{padding:0em 0em 0em 0em;}.elementor-15461 .elementor-element.elementor-element-3d9a7846 img{height:175px;}.elementor-15461 .elementor-element.elementor-element-1340e773{padding:3em 0em 3em 0em;}.elementor-15461 .elementor-element.elementor-element-1c106e97 > .elementor-element-populated{padding:2em 2em 2em 2em;}.elementor-15461 .elementor-element.elementor-element-7fb77379 .elementor-heading-title{font-size:29px;}.elementor-15461 .elementor-element.elementor-element-63fffe7f .elementor-heading-title{font-size:16px;}.elementor-15461 .elementor-element.elementor-element-673095a0 > .elementor-element-populated{padding:2em 2em 2em 2em;}}@media(min-width:768px){.elementor-15461 .elementor-element.elementor-element-159d522{width:45%;}.elementor-15461 .elementor-element.elementor-element-5dab8e33{width:55%;}.elementor-15461 .elementor-element.elementor-element-1c106e97{width:60%;}.elementor-15461 .elementor-element.elementor-element-673095a0{width:40%;}}@media(max-width:1024px) and (min-width:768px){.elementor-15461 .elementor-element.elementor-element-159d522{width:100%;}.elementor-15461 .elementor-element.elementor-element-5dab8e33{width:100%;}.elementor-15461 .elementor-element.elementor-element-1c106e97{width:66%;}.elementor-15461 .elementor-element.elementor-element-673095a0{width:40%;}}<\/style>\t\t<div data-elementor-type=\"wp-page\" data-elementor-id=\"15461\" class=\"elementor elementor-15461\" data-elementor-post-type=\"page\">\n\t\t\t\t\t\t<section class=\"elementor-section elementor-top-section elementor-element elementor-element-55417e67 elementor-section-boxed elementor-section-height-default elementor-section-height-default\" data-id=\"55417e67\" data-element_type=\"section\" data-e-type=\"section\" data-settings=\"{&quot;background_background&quot;:&quot;classic&quot;}\">\n\t\t\t\t\t\t\t<div class=\"elementor-background-overlay\"><\/div>\n\t\t\t\t\t\t\t<div class=\"elementor-container elementor-column-gap-default\">\n\t\t\t\t\t<div class=\"elementor-column elementor-col-100 elementor-top-column elementor-element elementor-element-319d6afe\" data-id=\"319d6afe\" data-element_type=\"column\" data-e-type=\"column\">\n\t\t\t<div class=\"elementor-widget-wrap elementor-element-populated\">\n\t\t\t\t\t\t<div class=\"elementor-element elementor-element-99515d6 elementor-widget elementor-widget-heading\" data-id=\"99515d6\" data-element_type=\"widget\" data-e-type=\"widget\" data-widget_type=\"heading.default\">\n\t\t\t\t<div class=\"elementor-widget-container\">\n\t\t\t\t\t<p class=\"elementor-heading-title elementor-size-default\">Mechanical deburring<\/p>\t\t\t\t<\/div>\n\t\t\t\t<\/div>\n\t\t\t\t<div class=\"elementor-element elementor-element-20508c47 elementor-widget elementor-widget-heading\" data-id=\"20508c47\" data-element_type=\"widget\" data-e-type=\"widget\" data-widget_type=\"heading.default\">\n\t\t\t\t<div class=\"elementor-widget-container\">\n\t\t\t\t\t<h5 class=\"elementor-heading-title elementor-size-default\">Belt grinding and brushing are indispensable in our production.\n<\/h5>\t\t\t\t<\/div>\n\t\t\t\t<\/div>\n\t\t\t\t\t<\/div>\n\t\t<\/div>\n\t\t\t\t\t<\/div>\n\t\t<\/section>\n\t\t\t\t<section class=\"elementor-section elementor-top-section elementor-element elementor-element-42c67fe5 elementor-section-boxed elementor-section-height-default elementor-section-height-default\" data-id=\"42c67fe5\" data-element_type=\"section\" data-e-type=\"section\">\n\t\t\t\t\t\t<div class=\"elementor-container elementor-column-gap-default\">\n\t\t\t\t\t<div class=\"elementor-column elementor-col-100 elementor-top-column elementor-element elementor-element-57ebacbe\" data-id=\"57ebacbe\" data-element_type=\"column\" data-e-type=\"column\" data-settings=\"{&quot;background_background&quot;:&quot;classic&quot;}\">\n\t\t\t<div class=\"elementor-widget-wrap elementor-element-populated\">\n\t\t\t\t\t\t<div class=\"elementor-element elementor-element-354e8427 elementor-widget elementor-widget-heading\" data-id=\"354e8427\" data-element_type=\"widget\" data-e-type=\"widget\" data-widget_type=\"heading.default\">\n\t\t\t\t<div class=\"elementor-widget-container\">\n\t\t\t\t\t<h5 class=\"elementor-heading-title elementor-size-default\">Further processing<\/h5>\t\t\t\t<\/div>\n\t\t\t\t<\/div>\n\t\t\t\t<div class=\"elementor-element elementor-element-64016f35 elementor-widget elementor-widget-heading\" data-id=\"64016f35\" data-element_type=\"widget\" data-e-type=\"widget\" data-widget_type=\"heading.default\">\n\t\t\t\t<div class=\"elementor-widget-container\">\n\t\t\t\t\t<h1 class=\"elementor-heading-title elementor-size-default\"> Belt grinding and brushing <\/h1>\t\t\t\t<\/div>\n\t\t\t\t<\/div>\n\t\t\t\t\t<\/div>\n\t\t<\/div>\n\t\t\t\t\t<\/div>\n\t\t<\/section>\n\t\t\t\t<section class=\"elementor-section elementor-top-section elementor-element elementor-element-495cc396 elementor-section-boxed elementor-section-height-default elementor-section-height-default\" data-id=\"495cc396\" data-element_type=\"section\" data-e-type=\"section\" data-settings=\"{&quot;background_background&quot;:&quot;classic&quot;}\">\n\t\t\t\t\t\t<div class=\"elementor-container elementor-column-gap-default\">\n\t\t\t\t\t<div class=\"elementor-column elementor-col-50 elementor-top-column elementor-element elementor-element-159d522\" data-id=\"159d522\" data-element_type=\"column\" data-e-type=\"column\">\n\t\t\t<div class=\"elementor-widget-wrap elementor-element-populated\">\n\t\t\t\t\t\t<div class=\"elementor-element elementor-element-78fa371e elementor-widget elementor-widget-heading\" data-id=\"78fa371e\" data-element_type=\"widget\" data-e-type=\"widget\" data-widget_type=\"heading.default\">\n\t\t\t\t<div class=\"elementor-widget-container\">\n\t\t\t\t\t<h2 class=\"elementor-heading-title elementor-size-default\">Design &amp; toolmaking<\/h2>\t\t\t\t<\/div>\n\t\t\t\t<\/div>\n\t\t\t\t<div class=\"elementor-element elementor-element-38fa6fce elementor-widget elementor-widget-text-editor\" data-id=\"38fa6fce\" data-element_type=\"widget\" data-e-type=\"widget\" data-widget_type=\"text-editor.default\">\n\t\t\t\t<div class=\"elementor-widget-container\">\n\t\t\t\t\t\t\t\t\t<p>For mechanical deburring of impact-sensitive flat steel parts, belt grinding and brushing is indispensable in production.<\/p><p>The punch burr is removed fully automatically in a continuous process by means of grinding belts and rotating brushing discs. Our robust equipment processes the fine blanking parts as follows:<\/p>\t\t\t\t\t\t\t\t<\/div>\n\t\t\t\t<\/div>\n\t\t\t\t<div class=\"elementor-element elementor-element-115898b elementor-icon-list--layout-traditional elementor-list-item-link-full_width elementor-widget elementor-widget-icon-list\" data-id=\"115898b\" data-element_type=\"widget\" data-e-type=\"widget\" data-widget_type=\"icon-list.default\">\n\t\t\t\t<div class=\"elementor-widget-container\">\n\t\t\t\t\t\t\t<ul class=\"elementor-icon-list-items\">\n\t\t\t\t\t\t\t<li class=\"elementor-icon-list-item\">\n\t\t\t\t\t\t\t\t\t\t\t<span class=\"elementor-icon-list-icon\">\n\t\t\t\t\t\t\t<i aria-hidden=\"true\" class=\"fas fa-chevron-right\"><\/i>\t\t\t\t\t\t<\/span>\n\t\t\t\t\t\t\t\t\t\t<span class=\"elementor-icon-list-text\">in the single-sided and double-sided machining process<\/span>\n\t\t\t\t\t\t\t\t\t<\/li>\n\t\t\t\t\t\t\t\t<li class=\"elementor-icon-list-item\">\n\t\t\t\t\t\t\t\t\t\t\t<span class=\"elementor-icon-list-icon\">\n\t\t\t\t\t\t\t<i aria-hidden=\"true\" class=\"fas fa-chevron-right\"><\/i>\t\t\t\t\t\t<\/span>\n\t\t\t\t\t\t\t\t\t\t<span class=\"elementor-icon-list-text\">they guarantee our customers burr-free, ready-to-install components<\/span>\n\t\t\t\t\t\t\t\t\t<\/li>\n\t\t\t\t\t\t\t\t<li class=\"elementor-icon-list-item\">\n\t\t\t\t\t\t\t\t\t\t\t<span class=\"elementor-icon-list-icon\">\n\t\t\t\t\t\t\t<i aria-hidden=\"true\" class=\"fas fa-chevron-right\"><\/i>\t\t\t\t\t\t<\/span>\n\t\t\t\t\t\t\t\t\t\t<span class=\"elementor-icon-list-text\">and they ensure consistent quality<\/span>\n\t\t\t\t\t\t\t\t\t<\/li>\n\t\t\t\t\t\t<\/ul>\n\t\t\t\t\t\t<\/div>\n\t\t\t\t<\/div>\n\t\t\t\t\t<\/div>\n\t\t<\/div>\n\t\t\t\t<div class=\"elementor-column elementor-col-50 elementor-top-column elementor-element elementor-element-5dab8e33\" data-id=\"5dab8e33\" data-element_type=\"column\" data-e-type=\"column\">\n\t\t\t<div class=\"elementor-widget-wrap elementor-element-populated\">\n\t\t\t\t\t\t<div class=\"elementor-element elementor-element-3d9a7846 elementor-widget elementor-widget-image\" data-id=\"3d9a7846\" data-element_type=\"widget\" data-e-type=\"widget\" data-widget_type=\"image.default\">\n\t\t\t\t<div class=\"elementor-widget-container\">\n\t\t\t\t\t\t\t\t\t\t\t\t\t\t\t<img fetchpriority=\"high\" decoding=\"async\" width=\"1376\" height=\"1000\" src=\"https:\/\/www.saxonia-franke.ch\/wp-content\/uploads\/weiterverarbeitung-bandschleifen2.jpg\" class=\"attachment-full size-full wp-image-15472\" alt=\"\" srcset=\"https:\/\/www.saxonia-franke.ch\/wp-content\/uploads\/weiterverarbeitung-bandschleifen2.jpg 1376w, https:\/\/www.saxonia-franke.ch\/wp-content\/uploads\/weiterverarbeitung-bandschleifen2-300x218.jpg 300w, https:\/\/www.saxonia-franke.ch\/wp-content\/uploads\/weiterverarbeitung-bandschleifen2-1030x749.jpg 1030w, https:\/\/www.saxonia-franke.ch\/wp-content\/uploads\/weiterverarbeitung-bandschleifen2-768x558.jpg 768w\" sizes=\"(max-width: 1376px) 100vw, 1376px\" \/>\t\t\t\t\t\t\t\t\t\t\t\t\t\t\t<\/div>\n\t\t\t\t<\/div>\n\t\t\t\t\t<\/div>\n\t\t<\/div>\n\t\t\t\t\t<\/div>\n\t\t<\/section>\n\t\t\t\t<section class=\"elementor-section elementor-top-section elementor-element elementor-element-1340e773 elementor-section-content-middle elementor-section-boxed elementor-section-height-default elementor-section-height-default\" data-id=\"1340e773\" data-element_type=\"section\" data-e-type=\"section\" data-settings=\"{&quot;background_background&quot;:&quot;classic&quot;}\">\n\t\t\t\t\t\t\t<div class=\"elementor-background-overlay\"><\/div>\n\t\t\t\t\t\t\t<div class=\"elementor-container elementor-column-gap-default\">\n\t\t\t\t\t<div class=\"elementor-column elementor-col-50 elementor-top-column elementor-element elementor-element-1c106e97\" data-id=\"1c106e97\" data-element_type=\"column\" data-e-type=\"column\">\n\t\t\t<div class=\"elementor-widget-wrap elementor-element-populated\">\n\t\t\t\t\t\t<div class=\"elementor-element elementor-element-7fb77379 elementor-widget elementor-widget-heading\" data-id=\"7fb77379\" data-element_type=\"widget\" data-e-type=\"widget\" data-widget_type=\"heading.default\">\n\t\t\t\t<div class=\"elementor-widget-container\">\n\t\t\t\t\t<h2 class=\"elementor-heading-title elementor-size-default\">We work as <br \/>Industrial supplier<\/h2>\t\t\t\t<\/div>\n\t\t\t\t<\/div>\n\t\t\t\t<div class=\"elementor-element elementor-element-63fffe7f elementor-widget elementor-widget-heading\" data-id=\"63fffe7f\" data-element_type=\"widget\" data-e-type=\"widget\" data-widget_type=\"heading.default\">\n\t\t\t\t<div class=\"elementor-widget-container\">\n\t\t\t\t\t<h5 class=\"elementor-heading-title elementor-size-default\">Our robust equipment efficiently processes fine blanking parts.<\/h5>\t\t\t\t<\/div>\n\t\t\t\t<\/div>\n\t\t\t\t\t<\/div>\n\t\t<\/div>\n\t\t\t\t<div class=\"elementor-column elementor-col-50 elementor-top-column elementor-element elementor-element-673095a0\" data-id=\"673095a0\" data-element_type=\"column\" data-e-type=\"column\">\n\t\t\t<div class=\"elementor-widget-wrap\">\n\t\t\t\t\t\t\t<\/div>\n\t\t<\/div>\n\t\t\t\t\t<\/div>\n\t\t<\/section>\n\t\t\t\t<\/div>","protected":false},"excerpt":{"rendered":"<p>Mechanisches Entgraten Bandschleifen und B\u00fcrsten sind in unserer Produktion unverzichtbar. Weiterverarbeitung Bandschleifen und B\u00fcrsten Konstruktion &#038; Werkzeugbau Zum mechanischen Entgraten von schlagempfindlichen Flachteilen aus Stahl ist das Bandschleifen und B\u00fcrsten in der Fertigung unverzichtbar. Der Stanzgrat wird mittels Schleifb\u00e4ndern und rotierenden B\u00fcrstscheiben vollautomatisch im Durchlauf entfernt. Unsere robusten Anlagen bearbeiten die Feinstanzteile wie folgt: im [&hellip;]<\/p>\n","protected":false},"author":1,"featured_media":0,"parent":15021,"menu_order":5,"comment_status":"closed","ping_status":"closed","template":"","meta":{"_seopress_robots_primary_cat":"","_seopress_titles_title":"Bandschleifen und B\u00fcrsten \u2013 unser Angebot f\u00fcr die Industrie","_seopress_titles_desc":"Die Saxonia-Franke AG arbeitet als Industrie-Zulieferer: Der Stanzgrat wird mittels Schleifb\u00e4ndern und rotierenden B\u00fcrstscheiben vollautomatisch im Durchlauf entfernt. ","_seopress_robots_index":"","footnotes":""},"folder":[],"class_list":["post-15461","page","type-page","status-publish","hentry"],"_links":{"self":[{"href":"https:\/\/www.saxonia-franke.ch\/en\/wp-json\/wp\/v2\/pages\/15461","targetHints":{"allow":["GET"]}}],"collection":[{"href":"https:\/\/www.saxonia-franke.ch\/en\/wp-json\/wp\/v2\/pages"}],"about":[{"href":"https:\/\/www.saxonia-franke.ch\/en\/wp-json\/wp\/v2\/types\/page"}],"author":[{"embeddable":true,"href":"https:\/\/www.saxonia-franke.ch\/en\/wp-json\/wp\/v2\/users\/1"}],"replies":[{"embeddable":true,"href":"https:\/\/www.saxonia-franke.ch\/en\/wp-json\/wp\/v2\/comments?post=15461"}],"version-history":[{"count":5,"href":"https:\/\/www.saxonia-franke.ch\/en\/wp-json\/wp\/v2\/pages\/15461\/revisions"}],"predecessor-version":[{"id":18451,"href":"https:\/\/www.saxonia-franke.ch\/en\/wp-json\/wp\/v2\/pages\/15461\/revisions\/18451"}],"up":[{"embeddable":true,"href":"https:\/\/www.saxonia-franke.ch\/en\/wp-json\/wp\/v2\/pages\/15021"}],"wp:attachment":[{"href":"https:\/\/www.saxonia-franke.ch\/en\/wp-json\/wp\/v2\/media?parent=15461"}],"wp:term":[{"taxonomy":"folder","embeddable":true,"href":"https:\/\/www.saxonia-franke.ch\/en\/wp-json\/wp\/v2\/folder?post=15461"}],"curies":[{"name":"wp","href":"https:\/\/api.w.org\/{rel}","templated":true}]}}