{"id":15603,"date":"2022-07-18T14:10:33","date_gmt":"2022-07-18T12:10:33","guid":{"rendered":"https:\/\/www.saxonia.aretis.ch\/?page_id=15603"},"modified":"2023-12-15T13:00:00","modified_gmt":"2023-12-15T12:00:00","slug":"waermebehandlung","status":"publish","type":"page","link":"https:\/\/www.saxonia-franke.ch\/en\/externe-prozesse\/waermebehandlung\/","title":{"rendered":"Heat treatment"},"content":{"rendered":"<style>.elementor-15603 .elementor-element.elementor-element-63341b8a:not(.elementor-motion-effects-element-type-background), .elementor-15603 .elementor-element.elementor-element-63341b8a > .elementor-motion-effects-container > .elementor-motion-effects-layer{background-color:var( --e-global-color-b2b936c );}.elementor-15603 .elementor-element.elementor-element-63341b8a > .elementor-background-overlay{background-image:url(\"https:\/\/www.saxonia-franke.ch\/wp-content\/uploads\/warm.jpg\");background-position:center center;background-repeat:no-repeat;background-size:cover;opacity:0.41;transition:background 0.3s, border-radius 0.3s, opacity 0.3s;}.elementor-15603 .elementor-element.elementor-element-63341b8a{transition:background 0.3s, border 0.3s, border-radius 0.3s, box-shadow 0.3s;margin-top:0px;margin-bottom:0px;padding:010em 0em 10em 0em;}.elementor-15603 .elementor-element.elementor-element-7f7125dc > .elementor-element-populated{padding:3em 3em 3em 3em;}.elementor-15603 .elementor-element.elementor-element-65d17dbb .elementor-heading-title{font-size:56px;font-weight:700;color:var( --e-global-color-secondary );}.elementor-15603 .elementor-element.elementor-element-28f7c38a .elementor-heading-title{color:var( --e-global-color-d93d39f );}.elementor-15603 .elementor-element.elementor-element-785fb16c:not(.elementor-motion-effects-element-type-background) > .elementor-widget-wrap, .elementor-15603 .elementor-element.elementor-element-785fb16c > .elementor-widget-wrap > .elementor-motion-effects-container > .elementor-motion-effects-layer{background-color:var( --e-global-color-11b0488 );}.elementor-15603 .elementor-element.elementor-element-785fb16c > .elementor-element-populated{transition:background 0.3s, border 0.3s, border-radius 0.3s, box-shadow 0.3s;margin:-5em 0em 0em 0em;--e-column-margin-right:0em;--e-column-margin-left:0em;padding:3em 3em 3em 3em;}.elementor-15603 .elementor-element.elementor-element-785fb16c > .elementor-element-populated > .elementor-background-overlay{transition:background 0.3s, border-radius 0.3s, opacity 0.3s;}.elementor-15603 .elementor-element.elementor-element-123e0568{text-align:center;}.elementor-15603 .elementor-element.elementor-element-55d37092{text-align:center;}.elementor-15603 .elementor-element.elementor-element-55d37092 .elementor-heading-title{color:var( --e-global-color-primary );}.elementor-15603 .elementor-element.elementor-element-1f58b82a:not(.elementor-motion-effects-element-type-background), .elementor-15603 .elementor-element.elementor-element-1f58b82a > .elementor-motion-effects-container > .elementor-motion-effects-layer{background-color:var( --e-global-color-secondary );}.elementor-15603 .elementor-element.elementor-element-1f58b82a{transition:background 0.3s, border 0.3s, border-radius 0.3s, box-shadow 0.3s;margin-top:0em;margin-bottom:0em;padding:5em 0em 10em 0em;}.elementor-15603 .elementor-element.elementor-element-1f58b82a > .elementor-background-overlay{transition:background 0.3s, border-radius 0.3s, opacity 0.3s;}.elementor-15603 .elementor-element.elementor-element-34566547 > .elementor-element-populated{margin:0em 0em 0em 0em;--e-column-margin-right:0em;--e-column-margin-left:0em;padding:2em 2em 2em 2em;}.elementor-15603 .elementor-element.elementor-element-66874d3c .elementor-heading-title{font-size:44px;color:var( --e-global-color-primary );}.elementor-15603 .elementor-element.elementor-element-5b0c051f{font-size:17px;}.elementor-15603 .elementor-element.elementor-element-9cc6ff0 .elementor-icon-list-items:not(.elementor-inline-items) .elementor-icon-list-item:not(:last-child){padding-block-end:calc(4px\/2);}.elementor-15603 .elementor-element.elementor-element-9cc6ff0 .elementor-icon-list-items:not(.elementor-inline-items) .elementor-icon-list-item:not(:first-child){margin-block-start:calc(4px\/2);}.elementor-15603 .elementor-element.elementor-element-9cc6ff0 .elementor-icon-list-items.elementor-inline-items .elementor-icon-list-item{margin-inline:calc(4px\/2);}.elementor-15603 .elementor-element.elementor-element-9cc6ff0 .elementor-icon-list-items.elementor-inline-items{margin-inline:calc(-4px\/2);}.elementor-15603 .elementor-element.elementor-element-9cc6ff0 .elementor-icon-list-items.elementor-inline-items .elementor-icon-list-item:after{inset-inline-end:calc(-4px\/2);}.elementor-15603 .elementor-element.elementor-element-9cc6ff0 .elementor-icon-list-icon i{color:var( --e-global-color-accent );transition:color 0.3s;}.elementor-15603 .elementor-element.elementor-element-9cc6ff0 .elementor-icon-list-icon svg{fill:var( --e-global-color-accent );transition:fill 0.3s;}.elementor-15603 .elementor-element.elementor-element-9cc6ff0{--e-icon-list-icon-size:22px;--icon-vertical-offset:0px;}.elementor-15603 .elementor-element.elementor-element-9cc6ff0 .elementor-icon-list-item > .elementor-icon-list-text, .elementor-15603 .elementor-element.elementor-element-9cc6ff0 .elementor-icon-list-item > a{font-size:18px;font-weight:normal;}.elementor-15603 .elementor-element.elementor-element-9cc6ff0 .elementor-icon-list-text{transition:color 0.3s;}.elementor-15603 .elementor-element.elementor-element-b149d17 .elementor-icon-list-items:not(.elementor-inline-items) .elementor-icon-list-item:not(:last-child){padding-block-end:calc(4px\/2);}.elementor-15603 .elementor-element.elementor-element-b149d17 .elementor-icon-list-items:not(.elementor-inline-items) .elementor-icon-list-item:not(:first-child){margin-block-start:calc(4px\/2);}.elementor-15603 .elementor-element.elementor-element-b149d17 .elementor-icon-list-items.elementor-inline-items .elementor-icon-list-item{margin-inline:calc(4px\/2);}.elementor-15603 .elementor-element.elementor-element-b149d17 .elementor-icon-list-items.elementor-inline-items{margin-inline:calc(-4px\/2);}.elementor-15603 .elementor-element.elementor-element-b149d17 .elementor-icon-list-items.elementor-inline-items .elementor-icon-list-item:after{inset-inline-end:calc(-4px\/2);}.elementor-15603 .elementor-element.elementor-element-b149d17 .elementor-icon-list-icon i{color:var( --e-global-color-accent );transition:color 0.3s;}.elementor-15603 .elementor-element.elementor-element-b149d17 .elementor-icon-list-icon svg{fill:var( --e-global-color-accent );transition:fill 0.3s;}.elementor-15603 .elementor-element.elementor-element-b149d17{--e-icon-list-icon-size:22px;--icon-vertical-offset:0px;}.elementor-15603 .elementor-element.elementor-element-b149d17 .elementor-icon-list-item > .elementor-icon-list-text, .elementor-15603 .elementor-element.elementor-element-b149d17 .elementor-icon-list-item > a{font-size:18px;font-weight:normal;}.elementor-15603 .elementor-element.elementor-element-b149d17 .elementor-icon-list-text{transition:color 0.3s;}.elementor-15603 .elementor-element.elementor-element-2b5c9036 > .elementor-element-populated{margin:0em 0em -5em 0em;--e-column-margin-right:0em;--e-column-margin-left:0em;}.elementor-15603 .elementor-element.elementor-element-e690aed img{width:100%;height:500px;object-fit:cover;object-position:center center;}.elementor-15603 .elementor-element.elementor-element-e690aed > .elementor-widget-container{padding:2em 0em 0em 0em;background-image:url(\"https:\/\/www.saxonia-franke.ch\/wp-content\/uploads\/masking-3.png\");background-position:top left;background-repeat:no-repeat;background-size:50% auto;}.elementor-15603 .elementor-element.elementor-element-e690aed:not( .elementor-widget-image ) .elementor-widget-container, .elementor-15603 .elementor-element.elementor-element-e690aed.elementor-widget-image .elementor-widget-container img{-webkit-mask-image:url( https:\/\/www.saxonia-franke.ch\/wp-content\/uploads\/masking-3.png );-webkit-mask-size:cover;-webkit-mask-position:center center;}:root{--page-title-display:none;}@media(max-width:1024px){.elementor-15603 .elementor-element.elementor-element-65d17dbb .elementor-heading-title{font-size:52px;}.elementor-15603 .elementor-element.elementor-element-28f7c38a .elementor-heading-title{font-size:20px;}.elementor-15603 .elementor-element.elementor-element-e690aed img{width:100%;height:425px;}}@media(max-width:767px){.elementor-15603 .elementor-element.elementor-element-63341b8a{padding:5em 0em 5em 0em;}.elementor-15603 .elementor-element.elementor-element-65d17dbb .elementor-heading-title{font-size:34px;}.elementor-15603 .elementor-element.elementor-element-28f7c38a .elementor-heading-title{font-size:18px;}.elementor-15603 .elementor-element.elementor-element-785fb16c > .elementor-widget-wrap > .elementor-widget:not(.elementor-widget__width-auto):not(.elementor-widget__width-initial):not(:last-child):not(.elementor-absolute){margin-block-end:10px;}.elementor-15603 .elementor-element.elementor-element-785fb16c > .elementor-element-populated{margin:0px 0px 0px 0px;--e-column-margin-right:0px;--e-column-margin-left:0px;}.elementor-15603 .elementor-element.elementor-element-55d37092 .elementor-heading-title{font-size:34px;}.elementor-15603 .elementor-element.elementor-element-1f58b82a{padding:0em 0em 0em 0em;}.elementor-15603 .elementor-element.elementor-element-e690aed img{height:175px;}}@media(min-width:768px){.elementor-15603 .elementor-element.elementor-element-34566547{width:45%;}.elementor-15603 .elementor-element.elementor-element-2b5c9036{width:55%;}}@media(max-width:1024px) and (min-width:768px){.elementor-15603 .elementor-element.elementor-element-34566547{width:100%;}.elementor-15603 .elementor-element.elementor-element-2b5c9036{width:100%;}}<\/style>\t\t<div data-elementor-type=\"wp-page\" data-elementor-id=\"15603\" class=\"elementor elementor-15603\" data-elementor-post-type=\"page\">\n\t\t\t\t\t\t<section class=\"elementor-section elementor-top-section elementor-element elementor-element-63341b8a elementor-section-boxed elementor-section-height-default elementor-section-height-default\" data-id=\"63341b8a\" data-element_type=\"section\" data-e-type=\"section\" data-settings=\"{&quot;background_background&quot;:&quot;classic&quot;}\">\n\t\t\t\t\t\t\t<div class=\"elementor-background-overlay\"><\/div>\n\t\t\t\t\t\t\t<div class=\"elementor-container elementor-column-gap-default\">\n\t\t\t\t\t<div class=\"elementor-column elementor-col-100 elementor-top-column elementor-element elementor-element-7f7125dc\" data-id=\"7f7125dc\" data-element_type=\"column\" data-e-type=\"column\">\n\t\t\t<div class=\"elementor-widget-wrap elementor-element-populated\">\n\t\t\t\t\t\t<div class=\"elementor-element elementor-element-65d17dbb elementor-widget elementor-widget-heading\" data-id=\"65d17dbb\" data-element_type=\"widget\" data-e-type=\"widget\" data-widget_type=\"heading.default\">\n\t\t\t\t<div class=\"elementor-widget-container\">\n\t\t\t\t\t<p class=\"elementor-heading-title elementor-size-default\">Steel heat treatment<\/p>\t\t\t\t<\/div>\n\t\t\t\t<\/div>\n\t\t\t\t<div class=\"elementor-element elementor-element-28f7c38a elementor-widget elementor-widget-heading\" data-id=\"28f7c38a\" data-element_type=\"widget\" data-e-type=\"widget\" data-widget_type=\"heading.default\">\n\t\t\t\t<div class=\"elementor-widget-container\">\n\t\t\t\t\t<h5 class=\"elementor-heading-title elementor-size-default\">Implementation by qualified external service providers<\/h5>\t\t\t\t<\/div>\n\t\t\t\t<\/div>\n\t\t\t\t\t<\/div>\n\t\t<\/div>\n\t\t\t\t\t<\/div>\n\t\t<\/section>\n\t\t\t\t<section class=\"elementor-section elementor-top-section elementor-element elementor-element-489b2570 elementor-section-boxed elementor-section-height-default elementor-section-height-default\" data-id=\"489b2570\" data-element_type=\"section\" data-e-type=\"section\">\n\t\t\t\t\t\t<div class=\"elementor-container elementor-column-gap-default\">\n\t\t\t\t\t<div class=\"elementor-column elementor-col-100 elementor-top-column elementor-element elementor-element-785fb16c\" data-id=\"785fb16c\" data-element_type=\"column\" data-e-type=\"column\" data-settings=\"{&quot;background_background&quot;:&quot;classic&quot;}\">\n\t\t\t<div class=\"elementor-widget-wrap elementor-element-populated\">\n\t\t\t\t\t\t<div class=\"elementor-element elementor-element-123e0568 elementor-widget elementor-widget-heading\" data-id=\"123e0568\" data-element_type=\"widget\" data-e-type=\"widget\" data-widget_type=\"heading.default\">\n\t\t\t\t<div class=\"elementor-widget-container\">\n\t\t\t\t\t<h5 class=\"elementor-heading-title elementor-size-default\">External processes<\/h5>\t\t\t\t<\/div>\n\t\t\t\t<\/div>\n\t\t\t\t<div class=\"elementor-element elementor-element-55d37092 elementor-widget elementor-widget-heading\" data-id=\"55d37092\" data-element_type=\"widget\" data-e-type=\"widget\" data-widget_type=\"heading.default\">\n\t\t\t\t<div class=\"elementor-widget-container\">\n\t\t\t\t\t<h1 class=\"elementor-heading-title elementor-size-default\">Heat treatment<\/h1>\t\t\t\t<\/div>\n\t\t\t\t<\/div>\n\t\t\t\t\t<\/div>\n\t\t<\/div>\n\t\t\t\t\t<\/div>\n\t\t<\/section>\n\t\t\t\t<section class=\"elementor-section elementor-top-section elementor-element elementor-element-1f58b82a elementor-section-boxed elementor-section-height-default elementor-section-height-default\" data-id=\"1f58b82a\" data-element_type=\"section\" data-e-type=\"section\" data-settings=\"{&quot;background_background&quot;:&quot;classic&quot;}\">\n\t\t\t\t\t\t<div class=\"elementor-container elementor-column-gap-default\">\n\t\t\t\t\t<div class=\"elementor-column elementor-col-50 elementor-top-column elementor-element elementor-element-34566547\" data-id=\"34566547\" data-element_type=\"column\" data-e-type=\"column\">\n\t\t\t<div class=\"elementor-widget-wrap elementor-element-populated\">\n\t\t\t\t\t\t<div class=\"elementor-element elementor-element-66874d3c elementor-widget elementor-widget-heading\" data-id=\"66874d3c\" data-element_type=\"widget\" data-e-type=\"widget\" data-widget_type=\"heading.default\">\n\t\t\t\t<div class=\"elementor-widget-container\">\n\t\t\t\t\t<h2 class=\"elementor-heading-title elementor-size-default\">Heat treatment process<\/h2>\t\t\t\t<\/div>\n\t\t\t\t<\/div>\n\t\t\t\t<div class=\"elementor-element elementor-element-5b0c051f elementor-widget elementor-widget-text-editor\" data-id=\"5b0c051f\" data-element_type=\"widget\" data-e-type=\"widget\" data-widget_type=\"text-editor.default\">\n\t\t\t\t<div class=\"elementor-widget-container\">\n\t\t\t\t\t\t\t\t\t<p>We can offer our customers almost all heat treatment processes for steel required on the market.<\/p><p>Heat treatment is performed by qualified service providers. Typical treatments are:<\/p>\t\t\t\t\t\t\t\t<\/div>\n\t\t\t\t<\/div>\n\t\t\t\t<section class=\"elementor-section elementor-inner-section elementor-element elementor-element-336cea3 elementor-section-boxed elementor-section-height-default elementor-section-height-default\" data-id=\"336cea3\" data-element_type=\"section\" data-e-type=\"section\">\n\t\t\t\t\t\t<div class=\"elementor-container elementor-column-gap-default\">\n\t\t\t\t\t<div class=\"elementor-column elementor-col-50 elementor-inner-column elementor-element elementor-element-f364ed8\" data-id=\"f364ed8\" data-element_type=\"column\" data-e-type=\"column\">\n\t\t\t<div class=\"elementor-widget-wrap elementor-element-populated\">\n\t\t\t\t\t\t<div class=\"elementor-element elementor-element-9cc6ff0 elementor-icon-list--layout-traditional elementor-list-item-link-full_width elementor-widget elementor-widget-icon-list\" data-id=\"9cc6ff0\" data-element_type=\"widget\" data-e-type=\"widget\" data-widget_type=\"icon-list.default\">\n\t\t\t\t<div class=\"elementor-widget-container\">\n\t\t\t\t\t\t\t<ul class=\"elementor-icon-list-items\">\n\t\t\t\t\t\t\t<li class=\"elementor-icon-list-item\">\n\t\t\t\t\t\t\t\t\t\t\t<span class=\"elementor-icon-list-icon\">\n\t\t\t\t\t\t\t<i aria-hidden=\"true\" class=\"fas fa-check\"><\/i>\t\t\t\t\t\t<\/span>\n\t\t\t\t\t\t\t\t\t\t<span class=\"elementor-icon-list-text\">Hardening &amp; tempering<\/span>\n\t\t\t\t\t\t\t\t\t<\/li>\n\t\t\t\t\t\t\t\t<li class=\"elementor-icon-list-item\">\n\t\t\t\t\t\t\t\t\t\t\t<span class=\"elementor-icon-list-icon\">\n\t\t\t\t\t\t\t<i aria-hidden=\"true\" class=\"fas fa-check\"><\/i>\t\t\t\t\t\t<\/span>\n\t\t\t\t\t\t\t\t\t\t<span class=\"elementor-icon-list-text\">Remunerate<\/span>\n\t\t\t\t\t\t\t\t\t<\/li>\n\t\t\t\t\t\t\t\t<li class=\"elementor-icon-list-item\">\n\t\t\t\t\t\t\t\t\t\t\t<span class=\"elementor-icon-list-icon\">\n\t\t\t\t\t\t\t<i aria-hidden=\"true\" class=\"fas fa-check\"><\/i>\t\t\t\t\t\t<\/span>\n\t\t\t\t\t\t\t\t\t\t<span class=\"elementor-icon-list-text\">Case hardening<\/span>\n\t\t\t\t\t\t\t\t\t<\/li>\n\t\t\t\t\t\t<\/ul>\n\t\t\t\t\t\t<\/div>\n\t\t\t\t<\/div>\n\t\t\t\t\t<\/div>\n\t\t<\/div>\n\t\t\t\t<div class=\"elementor-column elementor-col-50 elementor-inner-column elementor-element elementor-element-db60e51\" data-id=\"db60e51\" data-element_type=\"column\" data-e-type=\"column\">\n\t\t\t<div class=\"elementor-widget-wrap elementor-element-populated\">\n\t\t\t\t\t\t<div class=\"elementor-element elementor-element-b149d17 elementor-icon-list--layout-traditional elementor-list-item-link-full_width elementor-widget elementor-widget-icon-list\" data-id=\"b149d17\" data-element_type=\"widget\" data-e-type=\"widget\" data-widget_type=\"icon-list.default\">\n\t\t\t\t<div class=\"elementor-widget-container\">\n\t\t\t\t\t\t\t<ul class=\"elementor-icon-list-items\">\n\t\t\t\t\t\t\t<li class=\"elementor-icon-list-item\">\n\t\t\t\t\t\t\t\t\t\t\t<span class=\"elementor-icon-list-icon\">\n\t\t\t\t\t\t\t<i aria-hidden=\"true\" class=\"fas fa-check\"><\/i>\t\t\t\t\t\t<\/span>\n\t\t\t\t\t\t\t\t\t\t<span class=\"elementor-icon-list-text\">Bainitize<\/span>\n\t\t\t\t\t\t\t\t\t<\/li>\n\t\t\t\t\t\t\t\t<li class=\"elementor-icon-list-item\">\n\t\t\t\t\t\t\t\t\t\t\t<span class=\"elementor-icon-list-icon\">\n\t\t\t\t\t\t\t<i aria-hidden=\"true\" class=\"fas fa-check\"><\/i>\t\t\t\t\t\t<\/span>\n\t\t\t\t\t\t\t\t\t\t<span class=\"elementor-icon-list-text\">Inductive hardening<\/span>\n\t\t\t\t\t\t\t\t\t<\/li>\n\t\t\t\t\t\t<\/ul>\n\t\t\t\t\t\t<\/div>\n\t\t\t\t<\/div>\n\t\t\t\t\t<\/div>\n\t\t<\/div>\n\t\t\t\t\t<\/div>\n\t\t<\/section>\n\t\t\t\t\t<\/div>\n\t\t<\/div>\n\t\t\t\t<div class=\"elementor-column elementor-col-50 elementor-top-column elementor-element elementor-element-2b5c9036\" data-id=\"2b5c9036\" data-element_type=\"column\" data-e-type=\"column\">\n\t\t\t<div class=\"elementor-widget-wrap elementor-element-populated\">\n\t\t\t\t\t\t<div class=\"elementor-element elementor-element-e690aed elementor-widget elementor-widget-image\" data-id=\"e690aed\" data-element_type=\"widget\" data-e-type=\"widget\" data-widget_type=\"image.default\">\n\t\t\t\t<div class=\"elementor-widget-container\">\n\t\t\t\t\t\t\t\t\t\t\t\t\t\t\t<img fetchpriority=\"high\" decoding=\"async\" width=\"800\" height=\"534\" src=\"https:\/\/www.saxonia-franke.ch\/wp-content\/uploads\/feinstanzen-normalstanzen2-1030x687.jpg\" class=\"attachment-large size-large wp-image-15317\" alt=\"\" srcset=\"https:\/\/www.saxonia-franke.ch\/wp-content\/uploads\/feinstanzen-normalstanzen2-1030x687.jpg 1030w, https:\/\/www.saxonia-franke.ch\/wp-content\/uploads\/feinstanzen-normalstanzen2-300x200.jpg 300w, https:\/\/www.saxonia-franke.ch\/wp-content\/uploads\/feinstanzen-normalstanzen2-768x512.jpg 768w, https:\/\/www.saxonia-franke.ch\/wp-content\/uploads\/feinstanzen-normalstanzen2.jpg 1500w\" sizes=\"(max-width: 800px) 100vw, 800px\" \/>\t\t\t\t\t\t\t\t\t\t\t\t\t\t\t<\/div>\n\t\t\t\t<\/div>\n\t\t\t\t\t<\/div>\n\t\t<\/div>\n\t\t\t\t\t<\/div>\n\t\t<\/section>\n\t\t\t\t<\/div>","protected":false},"excerpt":{"rendered":"<p>Heat treatment of steel Carried out by qualified external service providers External processes Heat treatment Heat treatment processes We can offer our customers almost all heat treatment processes for steel required on the market. The heat treatment is carried out by qualified service providers. Typical treatments are Hardening &amp; tempering Quenching and tempering Case hardening Bainitizing Induction hardening<\/p>","protected":false},"author":1,"featured_media":0,"parent":15027,"menu_order":2,"comment_status":"closed","ping_status":"closed","template":"","meta":{"_seopress_robots_primary_cat":"","_seopress_titles_title":"W\u00e4rmebehandlung von Stahl | Saxonia-Franke AG","_seopress_titles_desc":"Wir k\u00f6nnen unseren Kunden nahezu alle am Markt geforderten W\u00e4rmebehandlungsverfahren f\u00fcr Stahl anbieten. Die W\u00e4rmebehandlung wird von qualifizierten Dienstleistern durchgef\u00fchrt.","_seopress_robots_index":"","footnotes":""},"folder":[],"class_list":["post-15603","page","type-page","status-publish","hentry"],"_links":{"self":[{"href":"https:\/\/www.saxonia-franke.ch\/en\/wp-json\/wp\/v2\/pages\/15603","targetHints":{"allow":["GET"]}}],"collection":[{"href":"https:\/\/www.saxonia-franke.ch\/en\/wp-json\/wp\/v2\/pages"}],"about":[{"href":"https:\/\/www.saxonia-franke.ch\/en\/wp-json\/wp\/v2\/types\/page"}],"author":[{"embeddable":true,"href":"https:\/\/www.saxonia-franke.ch\/en\/wp-json\/wp\/v2\/users\/1"}],"replies":[{"embeddable":true,"href":"https:\/\/www.saxonia-franke.ch\/en\/wp-json\/wp\/v2\/comments?post=15603"}],"version-history":[{"count":5,"href":"https:\/\/www.saxonia-franke.ch\/en\/wp-json\/wp\/v2\/pages\/15603\/revisions"}],"predecessor-version":[{"id":18467,"href":"https:\/\/www.saxonia-franke.ch\/en\/wp-json\/wp\/v2\/pages\/15603\/revisions\/18467"}],"up":[{"embeddable":true,"href":"https:\/\/www.saxonia-franke.ch\/en\/wp-json\/wp\/v2\/pages\/15027"}],"wp:attachment":[{"href":"https:\/\/www.saxonia-franke.ch\/en\/wp-json\/wp\/v2\/media?parent=15603"}],"wp:term":[{"taxonomy":"folder","embeddable":true,"href":"https:\/\/www.saxonia-franke.ch\/en\/wp-json\/wp\/v2\/folder?post=15603"}],"curies":[{"name":"wp","href":"https:\/\/api.w.org\/{rel}","templated":true}]}}