{"id":15693,"date":"2022-07-19T11:40:19","date_gmt":"2022-07-19T09:40:19","guid":{"rendered":"https:\/\/www.saxonia.aretis.ch\/?page_id=15693"},"modified":"2022-10-22T14:49:33","modified_gmt":"2022-10-22T12:49:33","slug":"versand-und-logistik","status":"publish","type":"page","link":"https:\/\/www.saxonia-franke.ch\/en\/qualitaet-versand\/versand-und-logistik\/","title":{"rendered":"Shipping and logistics"},"content":{"rendered":"<style>.elementor-15693 .elementor-element.elementor-element-1edf0c77:not(.elementor-motion-effects-element-type-background), .elementor-15693 .elementor-element.elementor-element-1edf0c77 > .elementor-motion-effects-container > .elementor-motion-effects-layer{background-color:var( --e-global-color-b2b936c );}.elementor-15693 .elementor-element.elementor-element-1edf0c77 > .elementor-background-overlay{background-image:url(\"https:\/\/www.saxonia-franke.ch\/wp-content\/uploads\/qualitaet-versand-logistik_header.jpg\");background-position:center center;background-repeat:no-repeat;background-size:cover;opacity:0.45;transition:background 0.3s, border-radius 0.3s, opacity 0.3s;}.elementor-15693 .elementor-element.elementor-element-1edf0c77{transition:background 0.3s, border 0.3s, border-radius 0.3s, box-shadow 0.3s;margin-top:0px;margin-bottom:0px;padding:010em 0em 10em 0em;}.elementor-15693 .elementor-element.elementor-element-7e314804 > .elementor-element-populated{padding:3em 3em 3em 3em;}.elementor-15693 .elementor-element.elementor-element-30534d1e .elementor-heading-title{font-size:56px;font-weight:700;color:var( --e-global-color-secondary );}.elementor-15693 .elementor-element.elementor-element-481ac8fb .elementor-heading-title{color:var( --e-global-color-d93d39f );}.elementor-15693 .elementor-element.elementor-element-357874f:not(.elementor-motion-effects-element-type-background) > .elementor-widget-wrap, .elementor-15693 .elementor-element.elementor-element-357874f > .elementor-widget-wrap > .elementor-motion-effects-container > .elementor-motion-effects-layer{background-color:var( --e-global-color-11b0488 );}.elementor-15693 .elementor-element.elementor-element-357874f > .elementor-element-populated{transition:background 0.3s, border 0.3s, border-radius 0.3s, box-shadow 0.3s;margin:-5em 0em 0em 0em;--e-column-margin-right:0em;--e-column-margin-left:0em;padding:3em 3em 3em 3em;}.elementor-15693 .elementor-element.elementor-element-357874f > .elementor-element-populated > .elementor-background-overlay{transition:background 0.3s, border-radius 0.3s, opacity 0.3s;}.elementor-15693 .elementor-element.elementor-element-1bad4738{text-align:center;}.elementor-15693 .elementor-element.elementor-element-6615817f{text-align:center;}.elementor-15693 .elementor-element.elementor-element-6615817f .elementor-heading-title{color:var( --e-global-color-primary );}.elementor-15693 .elementor-element.elementor-element-2055e128 > .elementor-container > .elementor-column > .elementor-widget-wrap{align-content:center;align-items:center;}.elementor-15693 .elementor-element.elementor-element-2055e128{padding:5em 0em 5em 0em;}.elementor-15693 .elementor-element.elementor-element-2b1f9085 > .elementor-element-populated{padding:3em 3em 3em 3em;}.elementor-15693 .elementor-element.elementor-element-720395fa{font-size:17px;color:var( --e-global-color-text );}.elementor-15693 .elementor-element.elementor-element-ab2e23c{font-size:17px;color:var( --e-global-color-text );}.elementor-15693 .elementor-element.elementor-element-3b426f95{text-align:start;}.elementor-15693 .elementor-element.elementor-element-3b426f95 .elementor-heading-title{color:var( --e-global-color-d93d39f );}.elementor-15693 .elementor-element.elementor-element-57d64ffd > .elementor-element-populated{margin:0px 8px 0px 0px;--e-column-margin-right:8px;--e-column-margin-left:0px;padding:0px 0px 0px 0px;}.elementor-15693 .elementor-element.elementor-element-2a551706 > .elementor-element-populated{margin:0px 0px 0px 14px;--e-column-margin-right:0px;--e-column-margin-left:14px;}.elementor-15693 .elementor-element.elementor-element-58cced37 > .elementor-container > .elementor-column > .elementor-widget-wrap{align-content:center;align-items:center;}.elementor-15693 .elementor-element.elementor-element-58cced37:not(.elementor-motion-effects-element-type-background), .elementor-15693 .elementor-element.elementor-element-58cced37 > .elementor-motion-effects-container > .elementor-motion-effects-layer{background-color:var( --e-global-color-b2b936c );}.elementor-15693 .elementor-element.elementor-element-58cced37 > .elementor-background-overlay{background-image:url(\"https:\/\/www.saxonia-franke.ch\/wp-content\/uploads\/qualitaet-versand-logistik_parallax.jpg\");background-position:0px -86px;background-repeat:no-repeat;background-size:cover;opacity:0.47;transition:background 0.3s, border-radius 0.3s, opacity 0.3s;}.elementor-15693 .elementor-element.elementor-element-58cced37{transition:background 0.3s, border 0.3s, border-radius 0.3s, box-shadow 0.3s;padding:8em 0em 8em 0em;}.elementor-15693 .elementor-element.elementor-element-369906ed > .elementor-element-populated{padding:3em 3em 3em 3em;}.elementor-15693 .elementor-element.elementor-element-2cc0c9d9 > .elementor-element-populated{padding:1em 1em 1em 1em;}.elementor-15693 .elementor-element.elementor-element-6f889efc .elementor-heading-title{font-size:58px;color:var( --e-global-color-secondary );}.elementor-15693 .elementor-element.elementor-element-4ae83896 .elementor-heading-title{color:var( --e-global-color-d93d39f );}:root{--page-title-display:none;}@media(max-width:1024px){.elementor-15693 .elementor-element.elementor-element-30534d1e .elementor-heading-title{font-size:53px;}.elementor-15693 .elementor-element.elementor-element-481ac8fb .elementor-heading-title{font-size:20px;}.elementor-15693 .elementor-element.elementor-element-2055e128{padding:1em 0em 1em 0em;}.elementor-15693 .elementor-element.elementor-element-2b1f9085 > .elementor-element-populated{padding:2em 2em 2em 2em;}.elementor-15693 .elementor-element.elementor-element-58cced37 > .elementor-background-overlay{background-position:0px 0px;}.elementor-15693 .elementor-element.elementor-element-369906ed > .elementor-element-populated{padding:2em 2em 2em 2em;}.elementor-15693 .elementor-element.elementor-element-2cc0c9d9 > .elementor-element-populated{padding:2em 2em 2em 2em;}.elementor-15693 .elementor-element.elementor-element-6f889efc .elementor-heading-title{font-size:35px;}.elementor-15693 .elementor-element.elementor-element-4ae83896 .elementor-heading-title{font-size:20px;}}@media(max-width:767px){.elementor-15693 .elementor-element.elementor-element-1edf0c77{padding:5em 0em 5em 0em;}.elementor-15693 .elementor-element.elementor-element-30534d1e .elementor-heading-title{font-size:37px;}.elementor-15693 .elementor-element.elementor-element-481ac8fb .elementor-heading-title{font-size:18px;}.elementor-15693 .elementor-element.elementor-element-357874f > .elementor-widget-wrap > .elementor-widget:not(.elementor-widget__width-auto):not(.elementor-widget__width-initial):not(:last-child):not(.elementor-absolute){margin-block-end:10px;}.elementor-15693 .elementor-element.elementor-element-357874f > .elementor-element-populated{margin:0px 0px 0px 0px;--e-column-margin-right:0px;--e-column-margin-left:0px;}.elementor-15693 .elementor-element.elementor-element-2055e128{padding:0em 0em 0em 0em;}.elementor-15693 .elementor-element.elementor-element-2b1f9085 > .elementor-element-populated{padding:1em 1em 1em 1em;}.elementor-15693 .elementor-element.elementor-element-57d64ffd > .elementor-element-populated{margin:0px 0px 20px 0px;--e-column-margin-right:0px;--e-column-margin-left:0px;}.elementor-15693 .elementor-element.elementor-element-2a551706 > .elementor-element-populated{margin:0px 0px 0px 0px;--e-column-margin-right:0px;--e-column-margin-left:0px;}.elementor-15693 .elementor-element.elementor-element-58cced37 > .elementor-background-overlay{background-position:0px 0px;}.elementor-15693 .elementor-element.elementor-element-58cced37{padding:3em 0em 3em 0em;}.elementor-15693 .elementor-element.elementor-element-369906ed > .elementor-element-populated{padding:2em 2em 2em 2em;}.elementor-15693 .elementor-element.elementor-element-2cc0c9d9 > .elementor-element-populated{padding:2em 2em 2em 2em;}.elementor-15693 .elementor-element.elementor-element-6f889efc .elementor-heading-title{font-size:28px;}.elementor-15693 .elementor-element.elementor-element-4ae83896 .elementor-heading-title{font-size:18px;}}@media(min-width:768px){.elementor-15693 .elementor-element.elementor-element-2b1f9085{width:44%;}.elementor-15693 .elementor-element.elementor-element-28eb09e3{width:56%;}.elementor-15693 .elementor-element.elementor-element-57d64ffd{width:57.3%;}.elementor-15693 .elementor-element.elementor-element-2a551706{width:42.7%;}.elementor-15693 .elementor-element.elementor-element-369906ed{width:40%;}.elementor-15693 .elementor-element.elementor-element-2cc0c9d9{width:60%;}}@media(max-width:1024px) and (min-width:768px){.elementor-15693 .elementor-element.elementor-element-2b1f9085{width:100%;}.elementor-15693 .elementor-element.elementor-element-28eb09e3{width:100%;}.elementor-15693 .elementor-element.elementor-element-369906ed{width:40%;}.elementor-15693 .elementor-element.elementor-element-2cc0c9d9{width:60%;}}<\/style>\t\t<div data-elementor-type=\"wp-page\" data-elementor-id=\"15693\" class=\"elementor elementor-15693\" data-elementor-post-type=\"page\">\n\t\t\t\t\t\t<section class=\"elementor-section elementor-top-section elementor-element elementor-element-1edf0c77 elementor-section-boxed elementor-section-height-default elementor-section-height-default\" data-id=\"1edf0c77\" data-element_type=\"section\" data-e-type=\"section\" data-settings=\"{&quot;background_background&quot;:&quot;classic&quot;}\">\n\t\t\t\t\t\t\t<div class=\"elementor-background-overlay\"><\/div>\n\t\t\t\t\t\t\t<div class=\"elementor-container elementor-column-gap-default\">\n\t\t\t\t\t<div class=\"elementor-column elementor-col-100 elementor-top-column elementor-element elementor-element-7e314804\" data-id=\"7e314804\" data-element_type=\"column\" data-e-type=\"column\">\n\t\t\t<div class=\"elementor-widget-wrap elementor-element-populated\">\n\t\t\t\t\t\t<div class=\"elementor-element elementor-element-30534d1e elementor-widget elementor-widget-heading\" data-id=\"30534d1e\" data-element_type=\"widget\" data-e-type=\"widget\" data-widget_type=\"heading.default\">\n\t\t\t\t<div class=\"elementor-widget-container\">\n\t\t\t\t\t<p class=\"elementor-heading-title elementor-size-default\">On schedule shipment <\/p>\t\t\t\t<\/div>\n\t\t\t\t<\/div>\n\t\t\t\t<div class=\"elementor-element elementor-element-481ac8fb elementor-widget elementor-widget-heading\" data-id=\"481ac8fb\" data-element_type=\"widget\" data-e-type=\"widget\" data-widget_type=\"heading.default\">\n\t\t\t\t<div class=\"elementor-widget-container\">\n\t\t\t\t\t<h5 class=\"elementor-heading-title elementor-size-default\">Our well-rehearsed logistics team takes care of shipping and logistics.<\/h5>\t\t\t\t<\/div>\n\t\t\t\t<\/div>\n\t\t\t\t\t<\/div>\n\t\t<\/div>\n\t\t\t\t\t<\/div>\n\t\t<\/section>\n\t\t\t\t<section class=\"elementor-section elementor-top-section elementor-element elementor-element-15eac53a elementor-section-boxed elementor-section-height-default elementor-section-height-default\" data-id=\"15eac53a\" data-element_type=\"section\" data-e-type=\"section\">\n\t\t\t\t\t\t<div class=\"elementor-container elementor-column-gap-default\">\n\t\t\t\t\t<div class=\"elementor-column elementor-col-100 elementor-top-column elementor-element elementor-element-357874f\" data-id=\"357874f\" data-element_type=\"column\" data-e-type=\"column\" data-settings=\"{&quot;background_background&quot;:&quot;classic&quot;}\">\n\t\t\t<div class=\"elementor-widget-wrap elementor-element-populated\">\n\t\t\t\t\t\t<div class=\"elementor-element elementor-element-1bad4738 elementor-widget elementor-widget-heading\" data-id=\"1bad4738\" data-element_type=\"widget\" data-e-type=\"widget\" data-widget_type=\"heading.default\">\n\t\t\t\t<div class=\"elementor-widget-container\">\n\t\t\t\t\t<h5 class=\"elementor-heading-title elementor-size-default\">Quality and shipping<\/h5>\t\t\t\t<\/div>\n\t\t\t\t<\/div>\n\t\t\t\t<div class=\"elementor-element elementor-element-6615817f elementor-widget elementor-widget-heading\" data-id=\"6615817f\" data-element_type=\"widget\" data-e-type=\"widget\" data-widget_type=\"heading.default\">\n\t\t\t\t<div class=\"elementor-widget-container\">\n\t\t\t\t\t<h1 class=\"elementor-heading-title elementor-size-default\"> Shipping and logistics <\/h1>\t\t\t\t<\/div>\n\t\t\t\t<\/div>\n\t\t\t\t\t<\/div>\n\t\t<\/div>\n\t\t\t\t\t<\/div>\n\t\t<\/section>\n\t\t\t\t<section class=\"elementor-section elementor-top-section elementor-element elementor-element-2055e128 elementor-section-content-middle elementor-section-boxed elementor-section-height-default elementor-section-height-default\" data-id=\"2055e128\" data-element_type=\"section\" data-e-type=\"section\">\n\t\t\t\t\t\t<div class=\"elementor-container elementor-column-gap-default\">\n\t\t\t\t\t<div class=\"elementor-column elementor-col-50 elementor-top-column elementor-element elementor-element-2b1f9085\" data-id=\"2b1f9085\" data-element_type=\"column\" data-e-type=\"column\">\n\t\t\t<div class=\"elementor-widget-wrap elementor-element-populated\">\n\t\t\t\t\t\t<div class=\"elementor-element elementor-element-1f96831c elementor-widget elementor-widget-heading\" data-id=\"1f96831c\" data-element_type=\"widget\" data-e-type=\"widget\" data-widget_type=\"heading.default\">\n\t\t\t\t<div class=\"elementor-widget-container\">\n\t\t\t\t\t<h3 class=\"elementor-heading-title elementor-size-default\">Punctual and correct<\/h3>\t\t\t\t<\/div>\n\t\t\t\t<\/div>\n\t\t\t\t<div class=\"elementor-element elementor-element-720395fa elementor-widget elementor-widget-text-editor\" data-id=\"720395fa\" data-element_type=\"widget\" data-e-type=\"widget\" data-widget_type=\"text-editor.default\">\n\t\t\t\t<div class=\"elementor-widget-container\">\n\t\t\t\t\t\t\t\t\tSaxonia-Franke AG attaches great importance to punctual and correct order execution. This also includes the on-time shipment of customer orders. Our well-rehearsed logistics team ensures daily that our products are loaded expeditiously and reliably.\t\t\t\t\t\t\t\t<\/div>\n\t\t\t\t<\/div>\n\t\t\t\t<div class=\"elementor-element elementor-element-ab2e23c elementor-widget elementor-widget-text-editor\" data-id=\"ab2e23c\" data-element_type=\"widget\" data-e-type=\"widget\" data-widget_type=\"text-editor.default\">\n\t\t\t\t<div class=\"elementor-widget-container\">\n\t\t\t\t\t\t\t\t\tThe targeted control of the warehouse is of crucial importance. Our logistics staff not only have many years of export experience, but also the necessary forwarding knowledge. In addition, we take care of the necessary shipping documents and make the products available for collection on time at the desired date.\t\t\t\t\t\t\t\t<\/div>\n\t\t\t\t<\/div>\n\t\t\t\t<div class=\"elementor-element elementor-element-3b426f95 elementor-widget elementor-widget-heading\" data-id=\"3b426f95\" data-element_type=\"widget\" data-e-type=\"widget\" data-widget_type=\"heading.default\">\n\t\t\t\t<div class=\"elementor-widget-container\">\n\t\t\t\t\t<h5 class=\"elementor-heading-title elementor-size-default\">Further processing ensures that the machined components meet the customer's specifications exactly.<\/h5>\t\t\t\t<\/div>\n\t\t\t\t<\/div>\n\t\t\t\t\t<\/div>\n\t\t<\/div>\n\t\t\t\t<div class=\"elementor-column elementor-col-50 elementor-top-column elementor-element elementor-element-28eb09e3\" data-id=\"28eb09e3\" data-element_type=\"column\" data-e-type=\"column\">\n\t\t\t<div class=\"elementor-widget-wrap elementor-element-populated\">\n\t\t\t\t\t\t<section class=\"elementor-section elementor-inner-section elementor-element elementor-element-d82d0e elementor-section-boxed elementor-section-height-default elementor-section-height-default\" data-id=\"d82d0e\" data-element_type=\"section\" data-e-type=\"section\">\n\t\t\t\t\t\t<div class=\"elementor-container elementor-column-gap-no\">\n\t\t\t\t\t<div class=\"elementor-column elementor-col-50 elementor-inner-column elementor-element elementor-element-57d64ffd\" data-id=\"57d64ffd\" data-element_type=\"column\" data-e-type=\"column\">\n\t\t\t<div class=\"elementor-widget-wrap elementor-element-populated\">\n\t\t\t\t\t\t<div class=\"elementor-element elementor-element-4b15277 elementor-widget elementor-widget-image\" data-id=\"4b15277\" data-element_type=\"widget\" data-e-type=\"widget\" data-widget_type=\"image.default\">\n\t\t\t\t<div class=\"elementor-widget-container\">\n\t\t\t\t\t\t\t\t\t\t\t\t\t\t\t<img fetchpriority=\"high\" decoding=\"async\" width=\"800\" height=\"1200\" src=\"https:\/\/www.saxonia-franke.ch\/wp-content\/uploads\/qualitaet-versand-logistik1.jpg\" class=\"attachment-full size-full wp-image-15738\" alt=\"\" srcset=\"https:\/\/www.saxonia-franke.ch\/wp-content\/uploads\/qualitaet-versand-logistik1.jpg 800w, https:\/\/www.saxonia-franke.ch\/wp-content\/uploads\/qualitaet-versand-logistik1-200x300.jpg 200w, https:\/\/www.saxonia-franke.ch\/wp-content\/uploads\/qualitaet-versand-logistik1-687x1030.jpg 687w, https:\/\/www.saxonia-franke.ch\/wp-content\/uploads\/qualitaet-versand-logistik1-768x1152.jpg 768w\" sizes=\"(max-width: 800px) 100vw, 800px\" \/>\t\t\t\t\t\t\t\t\t\t\t\t\t\t\t<\/div>\n\t\t\t\t<\/div>\n\t\t\t\t\t<\/div>\n\t\t<\/div>\n\t\t\t\t<div class=\"elementor-column elementor-col-50 elementor-inner-column elementor-element elementor-element-2a551706\" data-id=\"2a551706\" data-element_type=\"column\" data-e-type=\"column\">\n\t\t\t<div class=\"elementor-widget-wrap elementor-element-populated\">\n\t\t\t\t\t\t<div class=\"elementor-element elementor-element-778f60b7 elementor-widget elementor-widget-image\" data-id=\"778f60b7\" data-element_type=\"widget\" data-e-type=\"widget\" data-widget_type=\"image.default\">\n\t\t\t\t<div class=\"elementor-widget-container\">\n\t\t\t\t\t\t\t\t\t\t\t\t\t\t\t<img decoding=\"async\" width=\"1200\" height=\"1200\" src=\"https:\/\/www.saxonia-franke.ch\/wp-content\/uploads\/qualitaet-versand-logistik2.jpg\" class=\"attachment-full size-full wp-image-15747\" alt=\"\" srcset=\"https:\/\/www.saxonia-franke.ch\/wp-content\/uploads\/qualitaet-versand-logistik2.jpg 1200w, https:\/\/www.saxonia-franke.ch\/wp-content\/uploads\/qualitaet-versand-logistik2-300x300.jpg 300w, https:\/\/www.saxonia-franke.ch\/wp-content\/uploads\/qualitaet-versand-logistik2-1030x1030.jpg 1030w, https:\/\/www.saxonia-franke.ch\/wp-content\/uploads\/qualitaet-versand-logistik2-80x80.jpg 80w, https:\/\/www.saxonia-franke.ch\/wp-content\/uploads\/qualitaet-versand-logistik2-768x768.jpg 768w\" sizes=\"(max-width: 1200px) 100vw, 1200px\" \/>\t\t\t\t\t\t\t\t\t\t\t\t\t\t\t<\/div>\n\t\t\t\t<\/div>\n\t\t\t\t<div class=\"elementor-element elementor-element-31b6aebc elementor-widget elementor-widget-image\" data-id=\"31b6aebc\" data-element_type=\"widget\" data-e-type=\"widget\" data-widget_type=\"image.default\">\n\t\t\t\t<div class=\"elementor-widget-container\">\n\t\t\t\t\t\t\t\t\t\t\t\t\t\t\t<img decoding=\"async\" width=\"1200\" height=\"1200\" src=\"https:\/\/www.saxonia-franke.ch\/wp-content\/uploads\/qualitaet-versand-logistik3.jpg\" class=\"attachment-full size-full wp-image-15748\" alt=\"\" srcset=\"https:\/\/www.saxonia-franke.ch\/wp-content\/uploads\/qualitaet-versand-logistik3.jpg 1200w, https:\/\/www.saxonia-franke.ch\/wp-content\/uploads\/qualitaet-versand-logistik3-300x300.jpg 300w, https:\/\/www.saxonia-franke.ch\/wp-content\/uploads\/qualitaet-versand-logistik3-1030x1030.jpg 1030w, https:\/\/www.saxonia-franke.ch\/wp-content\/uploads\/qualitaet-versand-logistik3-80x80.jpg 80w, https:\/\/www.saxonia-franke.ch\/wp-content\/uploads\/qualitaet-versand-logistik3-768x768.jpg 768w\" sizes=\"(max-width: 1200px) 100vw, 1200px\" \/>\t\t\t\t\t\t\t\t\t\t\t\t\t\t\t<\/div>\n\t\t\t\t<\/div>\n\t\t\t\t\t<\/div>\n\t\t<\/div>\n\t\t\t\t\t<\/div>\n\t\t<\/section>\n\t\t\t\t\t<\/div>\n\t\t<\/div>\n\t\t\t\t\t<\/div>\n\t\t<\/section>\n\t\t\t\t<section class=\"elementor-section elementor-top-section elementor-element elementor-element-58cced37 elementor-section-content-middle elementor-section-boxed elementor-section-height-default elementor-section-height-default\" data-id=\"58cced37\" data-element_type=\"section\" data-e-type=\"section\" data-settings=\"{&quot;background_background&quot;:&quot;classic&quot;}\">\n\t\t\t\t\t\t\t<div class=\"elementor-background-overlay\"><\/div>\n\t\t\t\t\t\t\t<div class=\"elementor-container elementor-column-gap-default\">\n\t\t\t\t\t<div class=\"elementor-column elementor-col-50 elementor-top-column elementor-element elementor-element-369906ed\" data-id=\"369906ed\" data-element_type=\"column\" data-e-type=\"column\">\n\t\t\t<div class=\"elementor-widget-wrap\">\n\t\t\t\t\t\t\t<\/div>\n\t\t<\/div>\n\t\t\t\t<div class=\"elementor-column elementor-col-50 elementor-top-column elementor-element elementor-element-2cc0c9d9\" data-id=\"2cc0c9d9\" data-element_type=\"column\" data-e-type=\"column\">\n\t\t\t<div class=\"elementor-widget-wrap elementor-element-populated\">\n\t\t\t\t\t\t<div class=\"elementor-element elementor-element-6f889efc elementor-widget elementor-widget-heading\" data-id=\"6f889efc\" data-element_type=\"widget\" data-e-type=\"widget\" data-widget_type=\"heading.default\">\n\t\t\t\t<div class=\"elementor-widget-container\">\n\t\t\t\t\t<h2 class=\"elementor-heading-title elementor-size-default\"> Secure shipping,  <br \/>Speditive provision <\/h2>\t\t\t\t<\/div>\n\t\t\t\t<\/div>\n\t\t\t\t<div class=\"elementor-element elementor-element-4ae83896 elementor-widget elementor-widget-heading\" data-id=\"4ae83896\" data-element_type=\"widget\" data-e-type=\"widget\" data-widget_type=\"heading.default\">\n\t\t\t\t<div class=\"elementor-widget-container\">\n\t\t\t\t\t<h5 class=\"elementor-heading-title elementor-size-default\">The products of Saxonia-Franke AG are loaded expeditiously and reliably.<\/h5>\t\t\t\t<\/div>\n\t\t\t\t<\/div>\n\t\t\t\t\t<\/div>\n\t\t<\/div>\n\t\t\t\t\t<\/div>\n\t\t<\/section>\n\t\t\t\t<\/div>","protected":false},"excerpt":{"rendered":"<p>Termingerechter Versand Unser eingespieltes Logistik-Team sorgt f\u00fcr Versand und Logistik. Qualit\u00e4t und Versand Versand und Logistik P\u00fcnktlich und korrekt Die Saxonia-Franke AG legt grossen Wert auf eine p\u00fcnktliche und korrekte Auftragsausf\u00fchrung. Dazu geh\u00f6rt auch der termingerechte Versand der Kundenauftr\u00e4ge. Unser eingespieltes Logistik-Team sorgt t\u00e4glich daf\u00fcr, dass unsere Produkte speditiv und zuverl\u00e4ssig verladen werden.Die gezielte Steuerung [&hellip;]<\/p>\n","protected":false},"author":1,"featured_media":0,"parent":15030,"menu_order":3,"comment_status":"closed","ping_status":"closed","template":"","meta":{"_seopress_robots_primary_cat":"","_seopress_titles_title":"Versand und Logistik der Saxonia-Franke AG","_seopress_titles_desc":"Die Saxonia-Franke AG legt grossen Wert auf eine p\u00fcnktliche und korrekte Auftragsausf\u00fchrung. Dazu geh\u00f6rt auch der termingerechte Versand der Kundenauftr\u00e4ge.","_seopress_robots_index":"","footnotes":""},"folder":[],"class_list":["post-15693","page","type-page","status-publish","hentry"],"_links":{"self":[{"href":"https:\/\/www.saxonia-franke.ch\/en\/wp-json\/wp\/v2\/pages\/15693","targetHints":{"allow":["GET"]}}],"collection":[{"href":"https:\/\/www.saxonia-franke.ch\/en\/wp-json\/wp\/v2\/pages"}],"about":[{"href":"https:\/\/www.saxonia-franke.ch\/en\/wp-json\/wp\/v2\/types\/page"}],"author":[{"embeddable":true,"href":"https:\/\/www.saxonia-franke.ch\/en\/wp-json\/wp\/v2\/users\/1"}],"replies":[{"embeddable":true,"href":"https:\/\/www.saxonia-franke.ch\/en\/wp-json\/wp\/v2\/comments?post=15693"}],"version-history":[{"count":5,"href":"https:\/\/www.saxonia-franke.ch\/en\/wp-json\/wp\/v2\/pages\/15693\/revisions"}],"predecessor-version":[{"id":17691,"href":"https:\/\/www.saxonia-franke.ch\/en\/wp-json\/wp\/v2\/pages\/15693\/revisions\/17691"}],"up":[{"embeddable":true,"href":"https:\/\/www.saxonia-franke.ch\/en\/wp-json\/wp\/v2\/pages\/15030"}],"wp:attachment":[{"href":"https:\/\/www.saxonia-franke.ch\/en\/wp-json\/wp\/v2\/media?parent=15693"}],"wp:term":[{"taxonomy":"folder","embeddable":true,"href":"https:\/\/www.saxonia-franke.ch\/en\/wp-json\/wp\/v2\/folder?post=15693"}],"curies":[{"name":"wp","href":"https:\/\/api.w.org\/{rel}","templated":true}]}}