{"id":16321,"date":"2022-07-25T13:18:47","date_gmt":"2022-07-25T11:18:47","guid":{"rendered":"https:\/\/www.saxonia.aretis.ch\/?page_id=16321"},"modified":"2023-11-14T14:14:10","modified_gmt":"2023-11-14T13:14:10","slug":"impressum","status":"publish","type":"page","link":"https:\/\/www.saxonia-franke.ch\/en\/impressum\/","title":{"rendered":"Imprint"},"content":{"rendered":"<style>.elementor-16321 .elementor-element.elementor-element-180c143:not(.elementor-motion-effects-element-type-background), .elementor-16321 .elementor-element.elementor-element-180c143 > .elementor-motion-effects-container > .elementor-motion-effects-layer{background-color:var( --e-global-color-b2b936c );}.elementor-16321 .elementor-element.elementor-element-180c143 > .elementor-background-overlay{background-image:url(\"https:\/\/www.saxonia-franke.ch\/wp-content\/uploads\/impressum_header.jpg\");background-position:center center;background-repeat:no-repeat;background-size:cover;opacity:0.43;transition:background 0.3s, border-radius 0.3s, opacity 0.3s;}.elementor-16321 .elementor-element.elementor-element-180c143{transition:background 0.3s, border 0.3s, border-radius 0.3s, box-shadow 0.3s;margin-top:0px;margin-bottom:0px;padding:13em 0em 13em 0em;}.elementor-16321 .elementor-element.elementor-element-854973c > .elementor-element-populated{padding:4em 4em 4em 4em;}.elementor-16321 .elementor-element.elementor-element-40c0afc3:not(.elementor-motion-effects-element-type-background) > .elementor-widget-wrap, .elementor-16321 .elementor-element.elementor-element-40c0afc3 > .elementor-widget-wrap > .elementor-motion-effects-container > .elementor-motion-effects-layer{background-color:var( --e-global-color-11b0488 );}.elementor-16321 .elementor-element.elementor-element-40c0afc3 > .elementor-element-populated{transition:background 0.3s, border 0.3s, border-radius 0.3s, box-shadow 0.3s;margin:-5em 0em 0em 0em;--e-column-margin-right:0em;--e-column-margin-left:0em;padding:3em 3em 3em 3em;}.elementor-16321 .elementor-element.elementor-element-40c0afc3 > .elementor-element-populated > .elementor-background-overlay{transition:background 0.3s, border-radius 0.3s, opacity 0.3s;}.elementor-16321 .elementor-element.elementor-element-1cdd98ab{text-align:center;}.elementor-16321 .elementor-element.elementor-element-29256e96{text-align:center;}.elementor-16321 .elementor-element.elementor-element-29256e96 .elementor-heading-title{color:var( --e-global-color-primary );}.elementor-16321 .elementor-element.elementor-element-55508fc5 > .elementor-container > .elementor-column > .elementor-widget-wrap{align-content:center;align-items:center;}.elementor-16321 .elementor-element.elementor-element-55508fc5{padding:5em 0em 5em 0em;}.elementor-bc-flex-widget .elementor-16321 .elementor-element.elementor-element-6afe8734.elementor-column .elementor-widget-wrap{align-items:flex-start;}.elementor-16321 .elementor-element.elementor-element-6afe8734.elementor-column.elementor-element[data-element_type=\"column\"] > .elementor-widget-wrap.elementor-element-populated{align-content:flex-start;align-items:flex-start;}.elementor-16321 .elementor-element.elementor-element-6afe8734 > .elementor-element-populated{padding:0em 10em 0em 3em;}.elementor-16321 .elementor-element.elementor-element-717eeae4 .elementor-heading-title{color:var( --e-global-color-primary );}.elementor-16321 .elementor-element.elementor-element-f10ddf9{font-size:17px;color:var( --e-global-color-text );}.elementor-16321 .elementor-element.elementor-element-71e3e45 .elementor-heading-title{color:var( --e-global-color-primary );}.elementor-16321 .elementor-element.elementor-element-010c0da{font-size:17px;color:var( --e-global-color-text );}.elementor-16321 .elementor-element.elementor-element-59c930f .elementor-heading-title{color:var( --e-global-color-primary );}.elementor-16321 .elementor-element.elementor-element-27b8442e{font-size:17px;color:var( --e-global-color-text );}.elementor-16321 .elementor-element.elementor-element-47539a6 .elementor-heading-title{color:var( --e-global-color-primary );}.elementor-16321 .elementor-element.elementor-element-9415d0b{font-size:17px;color:var( --e-global-color-text );}.elementor-bc-flex-widget .elementor-16321 .elementor-element.elementor-element-60eedf9e.elementor-column .elementor-widget-wrap{align-items:flex-start;}.elementor-16321 .elementor-element.elementor-element-60eedf9e.elementor-column.elementor-element[data-element_type=\"column\"] > .elementor-widget-wrap.elementor-element-populated{align-content:flex-start;align-items:flex-start;}.elementor-16321 .elementor-element.elementor-element-60eedf9e > .elementor-element-populated{padding:0px 10px 0px 5px;}.elementor-16321 .elementor-element.elementor-element-42cd25d .elementor-heading-title{color:var( --e-global-color-primary );}.elementor-16321 .elementor-element.elementor-element-e19e8c3{font-size:17px;color:var( --e-global-color-text );}.elementor-16321 .elementor-element.elementor-element-fc65a9f .elementor-heading-title{color:var( --e-global-color-primary );}.elementor-16321 .elementor-element.elementor-element-b03f33a{font-size:17px;color:var( --e-global-color-text );}.elementor-16321 .elementor-element.elementor-element-e17e223 .elementor-heading-title{color:var( --e-global-color-primary );}.elementor-16321 .elementor-element.elementor-element-f9cd629{font-size:17px;color:var( --e-global-color-text );}.elementor-16321 .elementor-element.elementor-element-d5c8c3a .elementor-heading-title{color:var( --e-global-color-primary );}.elementor-16321 .elementor-element.elementor-element-fb4c196{font-size:17px;color:var( --e-global-color-text );}:root{--page-title-display:none;}@media(max-width:1024px){.elementor-16321 .elementor-element.elementor-element-55508fc5{padding:1em 0em 1em 0em;}.elementor-16321 .elementor-element.elementor-element-6afe8734 > .elementor-element-populated{padding:2em 2em 2em 2em;}}@media(max-width:767px){.elementor-16321 .elementor-element.elementor-element-180c143{padding:5em 0em 5em 0em;}.elementor-16321 .elementor-element.elementor-element-40c0afc3 > .elementor-widget-wrap > .elementor-widget:not(.elementor-widget__width-auto):not(.elementor-widget__width-initial):not(:last-child):not(.elementor-absolute){margin-block-end:10px;}.elementor-16321 .elementor-element.elementor-element-40c0afc3 > .elementor-element-populated{margin:0px 0px 0px 0px;--e-column-margin-right:0px;--e-column-margin-left:0px;}.elementor-16321 .elementor-element.elementor-element-55508fc5{padding:0em 0em 0em 0em;}.elementor-16321 .elementor-element.elementor-element-6afe8734 > .elementor-element-populated{padding:1em 1em 1em 1em;}}@media(min-width:768px){.elementor-16321 .elementor-element.elementor-element-6afe8734{width:50%;}.elementor-16321 .elementor-element.elementor-element-60eedf9e{width:50%;}}@media(max-width:1024px) and (min-width:768px){.elementor-16321 .elementor-element.elementor-element-6afe8734{width:55%;}.elementor-16321 .elementor-element.elementor-element-60eedf9e{width:45%;}}<\/style>\t\t<div data-elementor-type=\"wp-page\" data-elementor-id=\"16321\" class=\"elementor elementor-16321\" data-elementor-post-type=\"page\">\n\t\t\t\t\t\t<section class=\"elementor-section elementor-top-section elementor-element elementor-element-180c143 elementor-section-boxed elementor-section-height-default elementor-section-height-default\" data-id=\"180c143\" data-element_type=\"section\" data-e-type=\"section\" data-settings=\"{&quot;background_background&quot;:&quot;classic&quot;}\">\n\t\t\t\t\t\t\t<div class=\"elementor-background-overlay\"><\/div>\n\t\t\t\t\t\t\t<div class=\"elementor-container elementor-column-gap-default\">\n\t\t\t\t\t<div class=\"elementor-column elementor-col-100 elementor-top-column elementor-element elementor-element-854973c\" data-id=\"854973c\" data-element_type=\"column\" data-e-type=\"column\">\n\t\t\t<div class=\"elementor-widget-wrap\">\n\t\t\t\t\t\t\t<\/div>\n\t\t<\/div>\n\t\t\t\t\t<\/div>\n\t\t<\/section>\n\t\t\t\t<section class=\"elementor-section elementor-top-section elementor-element elementor-element-2162aa15 elementor-section-boxed elementor-section-height-default elementor-section-height-default\" data-id=\"2162aa15\" data-element_type=\"section\" data-e-type=\"section\">\n\t\t\t\t\t\t<div class=\"elementor-container elementor-column-gap-default\">\n\t\t\t\t\t<div class=\"elementor-column elementor-col-100 elementor-top-column elementor-element elementor-element-40c0afc3\" data-id=\"40c0afc3\" data-element_type=\"column\" data-e-type=\"column\" data-settings=\"{&quot;background_background&quot;:&quot;classic&quot;}\">\n\t\t\t<div class=\"elementor-widget-wrap elementor-element-populated\">\n\t\t\t\t\t\t<div class=\"elementor-element elementor-element-1cdd98ab elementor-widget elementor-widget-heading\" data-id=\"1cdd98ab\" data-element_type=\"widget\" data-e-type=\"widget\" data-widget_type=\"heading.default\">\n\t\t\t\t<div class=\"elementor-widget-container\">\n\t\t\t\t\t<h5 class=\"elementor-heading-title elementor-size-default\">Saxonia-Franke AG<\/h5>\t\t\t\t<\/div>\n\t\t\t\t<\/div>\n\t\t\t\t<div class=\"elementor-element elementor-element-29256e96 elementor-widget elementor-widget-heading\" data-id=\"29256e96\" data-element_type=\"widget\" data-e-type=\"widget\" data-widget_type=\"heading.default\">\n\t\t\t\t<div class=\"elementor-widget-container\">\n\t\t\t\t\t<h1 class=\"elementor-heading-title elementor-size-default\">Impressum<\/h1>\t\t\t\t<\/div>\n\t\t\t\t<\/div>\n\t\t\t\t\t<\/div>\n\t\t<\/div>\n\t\t\t\t\t<\/div>\n\t\t<\/section>\n\t\t\t\t<section class=\"elementor-section elementor-top-section elementor-element elementor-element-55508fc5 elementor-section-content-middle elementor-section-boxed elementor-section-height-default elementor-section-height-default\" data-id=\"55508fc5\" data-element_type=\"section\" data-e-type=\"section\">\n\t\t\t\t\t\t<div class=\"elementor-container elementor-column-gap-default\">\n\t\t\t\t\t<div class=\"elementor-column elementor-col-50 elementor-top-column elementor-element elementor-element-6afe8734\" data-id=\"6afe8734\" data-element_type=\"column\" data-e-type=\"column\">\n\t\t\t<div class=\"elementor-widget-wrap elementor-element-populated\">\n\t\t\t\t\t\t<div class=\"elementor-element elementor-element-717eeae4 elementor-widget elementor-widget-heading\" data-id=\"717eeae4\" data-element_type=\"widget\" data-e-type=\"widget\" data-widget_type=\"heading.default\">\n\t\t\t\t<div class=\"elementor-widget-container\">\n\t\t\t\t\t<h4 class=\"elementor-heading-title elementor-size-default\">Kontaktadresse<\/h4>\t\t\t\t<\/div>\n\t\t\t\t<\/div>\n\t\t\t\t<div class=\"elementor-element elementor-element-f10ddf9 elementor-widget elementor-widget-text-editor\" data-id=\"f10ddf9\" data-element_type=\"widget\" data-e-type=\"widget\" data-widget_type=\"text-editor.default\">\n\t\t\t\t<div class=\"elementor-widget-container\">\n\t\t\t\t\t\t\t\t\t<p><strong>Saxonia-Franke AG<\/strong><br>Steigstr. 8<br>CH-8355 Aadorf<\/p>\n<p>Tel.: <a href=\"tel:+41523696161\">+41 (0) 52 \/ 369 61 61<\/a><br>Fax.: +41 (0) 52 \/ 369 61 71<br>E-Mail: <a href=\"mailto:info@saxonia-franke.ch\">info@saxonia-franke.ch<\/a><\/p>\n<p>Mwst: CHE-107.946.574<\/p>\t\t\t\t\t\t\t\t<\/div>\n\t\t\t\t<\/div>\n\t\t\t\t<div class=\"elementor-element elementor-element-59c930f elementor-widget elementor-widget-heading\" data-id=\"59c930f\" data-element_type=\"widget\" data-e-type=\"widget\" data-widget_type=\"heading.default\">\n\t\t\t\t<div class=\"elementor-widget-container\">\n\t\t\t\t\t<h4 class=\"elementor-heading-title elementor-size-default\">Webrealisation<\/h4>\t\t\t\t<\/div>\n\t\t\t\t<\/div>\n\t\t\t\t<div class=\"elementor-element elementor-element-27b8442e elementor-widget elementor-widget-text-editor\" data-id=\"27b8442e\" data-element_type=\"widget\" data-e-type=\"widget\" data-widget_type=\"text-editor.default\">\n\t\t\t\t<div class=\"elementor-widget-container\">\n\t\t\t\t\t\t\t\t\t<p>Beratung, technisches Konzept, Design, Programmierung und Hosting dieser Website:<br \/><br \/><strong>aretis\u00ae<\/strong> Webagentur<br \/>Morgartenstrasse 6<br \/>8004 Z\u00fcrich<br \/><a href=\"https:\/\/www.aretis.ch\">www.aretis.ch<\/a><\/p>\t\t\t\t\t\t\t\t<\/div>\n\t\t\t\t<\/div>\n\t\t\t\t<div class=\"elementor-element elementor-element-47539a6 elementor-widget elementor-widget-heading\" data-id=\"47539a6\" data-element_type=\"widget\" data-e-type=\"widget\" data-widget_type=\"heading.default\">\n\t\t\t\t<div class=\"elementor-widget-container\">\n\t\t\t\t\t<h4 class=\"elementor-heading-title elementor-size-default\">Fotos \/ Fotograf<\/h4>\t\t\t\t<\/div>\n\t\t\t\t<\/div>\n\t\t\t\t<div class=\"elementor-element elementor-element-9415d0b elementor-widget elementor-widget-text-editor\" data-id=\"9415d0b\" data-element_type=\"widget\" data-e-type=\"widget\" data-widget_type=\"text-editor.default\">\n\t\t\t\t<div class=\"elementor-widget-container\">\n\t\t\t\t\t\t\t\t\t<p><a title=\"Fotograf\" href=\"https:\/\/www.grether-photography.com\/zuerich-aargau\/fotograf-zuerich\/\">Grether Business Fotograf in Z\u00fcrich<\/a><\/p>\t\t\t\t\t\t\t\t<\/div>\n\t\t\t\t<\/div>\n\t\t\t\t\t<\/div>\n\t\t<\/div>\n\t\t\t\t<div class=\"elementor-column elementor-col-50 elementor-top-column elementor-element elementor-element-60eedf9e\" data-id=\"60eedf9e\" data-element_type=\"column\" data-e-type=\"column\">\n\t\t\t<div class=\"elementor-widget-wrap elementor-element-populated\">\n\t\t\t\t\t\t<div class=\"elementor-element elementor-element-42cd25d elementor-widget elementor-widget-heading\" data-id=\"42cd25d\" data-element_type=\"widget\" data-e-type=\"widget\" data-widget_type=\"heading.default\">\n\t\t\t\t<div class=\"elementor-widget-container\">\n\t\t\t\t\t<h4 class=\"elementor-heading-title elementor-size-default\">Haftungsausschluss<\/h4>\t\t\t\t<\/div>\n\t\t\t\t<\/div>\n\t\t\t\t<div class=\"elementor-element elementor-element-e19e8c3 elementor-widget elementor-widget-text-editor\" data-id=\"e19e8c3\" data-element_type=\"widget\" data-e-type=\"widget\" data-widget_type=\"text-editor.default\">\n\t\t\t\t<div class=\"elementor-widget-container\">\n\t\t\t\t\t\t\t\t\t<p>Der Autor \u00fcbernimmt keinerlei Gew\u00e4hr hinsichtlich der inhaltlichen Richtigkeit, Genauigkeit, Aktualit\u00e4t, Zuverl\u00e4ssigkeit und Vollst\u00e4ndigkeit der Informationen.<\/p><p>Haftungsanspr\u00fcche gegen den Autor wegen Sch\u00e4den materieller oder immaterieller Art, welche aus dem Zugriff oder der Nutzung bzw. Nichtnutzung der ver\u00f6ffentlichten Informationen, durch Missbrauch der Verbindung oder durch technische St\u00f6rungen entstanden sind, werden ausgeschlossen.<\/p><p>Alle Angebote sind unverbindlich. Der Autor beh\u00e4lt es sich ausdr\u00fccklich vor, Teile der Seiten oder das gesamte Angebot ohne gesonderte Ank\u00fcndigung zu ver\u00e4ndern, zu erg\u00e4nzen, zu l\u00f6schen oder die Ver\u00f6ffentlichung zeitweise oder endg\u00fcltig einzustellen.<\/p>\t\t\t\t\t\t\t\t<\/div>\n\t\t\t\t<\/div>\n\t\t\t\t<div class=\"elementor-element elementor-element-fc65a9f elementor-widget elementor-widget-heading\" data-id=\"fc65a9f\" data-element_type=\"widget\" data-e-type=\"widget\" data-widget_type=\"heading.default\">\n\t\t\t\t<div class=\"elementor-widget-container\">\n\t\t\t\t\t<h4 class=\"elementor-heading-title elementor-size-default\">Haftung f\u00fcr Links<\/h4>\t\t\t\t<\/div>\n\t\t\t\t<\/div>\n\t\t\t\t<div class=\"elementor-element elementor-element-b03f33a elementor-widget elementor-widget-text-editor\" data-id=\"b03f33a\" data-element_type=\"widget\" data-e-type=\"widget\" data-widget_type=\"text-editor.default\">\n\t\t\t\t<div class=\"elementor-widget-container\">\n\t\t\t\t\t\t\t\t\tVerweise und Links auf Webseiten Dritter liegen ausserhalb unseres Verantwortungsbereichs Es wird jegliche Verantwortung f\u00fcr solche Webseiten abgelehnt. Der Zugriff und die Nutzung solcher Webseiten erfolgen auf eigene Gefahr des Nutzers oder der Nutzerin.\t\t\t\t\t\t\t\t<\/div>\n\t\t\t\t<\/div>\n\t\t\t\t<div class=\"elementor-element elementor-element-e17e223 elementor-widget elementor-widget-heading\" data-id=\"e17e223\" data-element_type=\"widget\" data-e-type=\"widget\" data-widget_type=\"heading.default\">\n\t\t\t\t<div class=\"elementor-widget-container\">\n\t\t\t\t\t<h4 class=\"elementor-heading-title elementor-size-default\">Urheberrechte<\/h4>\t\t\t\t<\/div>\n\t\t\t\t<\/div>\n\t\t\t\t<div class=\"elementor-element elementor-element-f9cd629 elementor-widget elementor-widget-text-editor\" data-id=\"f9cd629\" data-element_type=\"widget\" data-e-type=\"widget\" data-widget_type=\"text-editor.default\">\n\t\t\t\t<div class=\"elementor-widget-container\">\n\t\t\t\t\t\t\t\t\tDie Urheber- und alle anderen Rechte an Inhalten, Bildern, Fotos oder anderen Dateien auf der Website geh\u00f6ren ausschliesslich der Firma Saxonia-Franke GmbH &#038; Co. KG oder den speziell genannten Rechtsinhabern. F\u00fcr die Reproduktion jeglicher Elemente ist die schriftliche Zustimmung der Urheberrechtstr\u00e4ger im Voraus einzuholen.\t\t\t\t\t\t\t\t<\/div>\n\t\t\t\t<\/div>\n\t\t\t\t<div class=\"elementor-element elementor-element-d5c8c3a elementor-widget elementor-widget-heading\" data-id=\"d5c8c3a\" data-element_type=\"widget\" data-e-type=\"widget\" data-widget_type=\"heading.default\">\n\t\t\t\t<div class=\"elementor-widget-container\">\n\t\t\t\t\t<h4 class=\"elementor-heading-title elementor-size-default\">Datenschutz<\/h4>\t\t\t\t<\/div>\n\t\t\t\t<\/div>\n\t\t\t\t<div class=\"elementor-element elementor-element-fb4c196 elementor-widget elementor-widget-text-editor\" data-id=\"fb4c196\" data-element_type=\"widget\" data-e-type=\"widget\" data-widget_type=\"text-editor.default\">\n\t\t\t\t<div class=\"elementor-widget-container\">\n\t\t\t\t\t\t\t\t\tSaxonia-Franke GmbH &#038; Co. KG h\u00e4lt sich ans aktuelle Datenschutzgesetz.\t\t\t\t\t\t\t\t<\/div>\n\t\t\t\t<\/div>\n\t\t\t\t\t<\/div>\n\t\t<\/div>\n\t\t\t\t\t<\/div>\n\t\t<\/section>\n\t\t\t\t<\/div>\n\t\t","protected":false},"excerpt":{"rendered":"<p>Saxonia-Franke AG Impressum Kontaktadresse Saxonia-Franke AGSteigstr. 8CH-8355 Aadorf Tel.: +41 (0) 52 \/ 369 61 61Fax.: +41 (0) 52 \/ 369 61 71E-Mail: info@saxonia-franke.ch Mwst: CHE-107.946.574 Webrealisation Beratung, technisches Konzept, Design, Programmierung und Hosting dieser Website: aretis\u00ae WebagenturMorgartenstrasse 68004 Z\u00fcrichwww.aretis.ch Fotos \/ Fotograf Grether Business Fotograf in Z\u00fcrich Haftungsausschluss Der Autor \u00fcbernimmt keinerlei Gew\u00e4hr hinsichtlich [&hellip;]<\/p>\n","protected":false},"author":1,"featured_media":0,"parent":0,"menu_order":9,"comment_status":"closed","ping_status":"closed","template":"","meta":{"_seopress_robots_primary_cat":"","_seopress_titles_title":"","_seopress_titles_desc":"","_seopress_robots_index":"","footnotes":""},"folder":[],"class_list":["post-16321","page","type-page","status-publish","hentry"],"_links":{"self":[{"href":"https:\/\/www.saxonia-franke.ch\/en\/wp-json\/wp\/v2\/pages\/16321","targetHints":{"allow":["GET"]}}],"collection":[{"href":"https:\/\/www.saxonia-franke.ch\/en\/wp-json\/wp\/v2\/pages"}],"about":[{"href":"https:\/\/www.saxonia-franke.ch\/en\/wp-json\/wp\/v2\/types\/page"}],"author":[{"embeddable":true,"href":"https:\/\/www.saxonia-franke.ch\/en\/wp-json\/wp\/v2\/users\/1"}],"replies":[{"embeddable":true,"href":"https:\/\/www.saxonia-franke.ch\/en\/wp-json\/wp\/v2\/comments?post=16321"}],"version-history":[{"count":5,"href":"https:\/\/www.saxonia-franke.ch\/en\/wp-json\/wp\/v2\/pages\/16321\/revisions"}],"predecessor-version":[{"id":18409,"href":"https:\/\/www.saxonia-franke.ch\/en\/wp-json\/wp\/v2\/pages\/16321\/revisions\/18409"}],"wp:attachment":[{"href":"https:\/\/www.saxonia-franke.ch\/en\/wp-json\/wp\/v2\/media?parent=16321"}],"wp:term":[{"taxonomy":"folder","embeddable":true,"href":"https:\/\/www.saxonia-franke.ch\/en\/wp-json\/wp\/v2\/folder?post=16321"}],"curies":[{"name":"wp","href":"https:\/\/api.w.org\/{rel}","templated":true}]}}